{"id":3552,"date":"2026-03-04T07:52:52","date_gmt":"2026-03-04T07:52:52","guid":{"rendered":"https:\/\/www.trustlinks.com\/?page_id=3552"},"modified":"2026-03-05T11:00:34","modified_gmt":"2026-03-05T11:00:34","slug":"acuerdo-de-tratamiento-de-datos","status":"publish","type":"page","link":"https:\/\/www.trustlinks.com\/es\/acuerdo-de-tratamiento-de-datos\/","title":{"rendered":"ANEXO 1 ACUERDO DE TRATAMIENTO DE DATOS"},"content":{"rendered":"\t\t<div data-elementor-type=\"wp-page\" data-elementor-id=\"3552\" class=\"elementor elementor-3552 elementor-3316\" data-elementor-post-type=\"page\">\n\t\t\t\t<div class=\"elementor-element elementor-element-047d441 e-flex e-con-boxed e-con e-parent\" data-id=\"047d441\" data-element_type=\"container\" data-e-type=\"container\">\n\t\t\t\t\t<div class=\"e-con-inner\">\n\t\t<div class=\"elementor-element elementor-element-f2dd4fd e-con-full e-flex e-con e-child\" data-id=\"f2dd4fd\" data-element_type=\"container\" data-e-type=\"container\">\n\t\t\t\t<div class=\"elementor-element elementor-element-dbb0f41 elementor-widget elementor-widget-heading\" data-id=\"dbb0f41\" data-element_type=\"widget\" data-e-type=\"widget\" data-widget_type=\"heading.default\">\n\t\t\t\t\t<h1 class=\"elementor-heading-title elementor-size-default\">ANEXO 1 ACUERDO DE TRATAMIENTO DE DATOS<\/h1>\t\t\t\t<\/div>\n\t\t\t\t<\/div>\n\t\t\t\t\t<\/div>\n\t\t\t\t<\/div>\n\t\t<div class=\"elementor-element elementor-element-a1715f2 e-flex e-con-boxed e-con e-parent\" data-id=\"a1715f2\" data-element_type=\"container\" data-e-type=\"container\">\n\t\t\t\t\t<div class=\"e-con-inner\">\n\t\t<div class=\"elementor-element elementor-element-ae153e7 e-con-full e-flex e-con e-child\" data-id=\"ae153e7\" data-element_type=\"container\" data-e-type=\"container\">\n\t\t\t\t<div class=\"elementor-element elementor-element-8c24a65 elementor-widget elementor-widget-text-editor\" data-id=\"8c24a65\" data-element_type=\"widget\" data-e-type=\"widget\" data-widget_type=\"text-editor.default\">\n\t\t\t\t\t\t\t\t\t<p><em>El presente Acuerdo de Tratamiento de Datos (el \u201c<strong>Acuerdo de Tratamiento<\/strong>\u201d) regula el tratamiento de datos personales que resulta del uso de Trustlinks por parte del Cliente de conformidad con el Contrato y, en consecuencia, forma parte integrante del mismo. Los Datos del Cliente que el Cliente introduce en Trustlinks est\u00e1n cifrados y Nosotros no tenemos acceso a la informaci\u00f3n, salvo el hecho de que almacenamos la informaci\u00f3n en nuestros servidores y que, en casos excepcionales, podemos necesitar asistir al Cliente en relaci\u00f3n con cuestiones de soporte. Este almacenamiento de informaci\u00f3n implica que, de conformidad con el Reglamento de Protecci\u00f3n de Datos (2016\/679) (\u201cRGPD\u201d), se nos considera encargados del tratamiento de datos personales por cuenta del Cliente y, por tanto, constituimos un encargado del tratamiento respecto del Cliente en su calidad de responsable del tratamiento. Los t\u00e9rminos del presente Acuerdo de Tratamiento se interpretar\u00e1n de conformidad con el RGPD, as\u00ed como con la normativa local aplicable en materia de protecci\u00f3n de datos (conjuntamente, las \u201c<strong>Normas de<\/strong> <strong>Protecci\u00f3n de Datos<\/strong>\u201d). Los t\u00e9rminos del Acuerdo de Tratamiento tendr\u00e1n el significado que se desprenda principalmente de las Normas de Protecci\u00f3n de Datos y, en su defecto, del Contrato, salvo que las circunstancias indiquen claramente lo contrario<\/em><\/p>\t\t\t\t\t\t\t\t<\/div>\n\t\t\t\t<div class=\"elementor-element elementor-element-0fdd428 elementor-widget elementor-widget-text-editor\" data-id=\"0fdd428\" data-element_type=\"widget\" data-e-type=\"widget\" data-widget_type=\"text-editor.default\">\n\t\t\t\t\t\t\t\t\t<h4><strong>1. Responsabilidad e instrucciones<\/strong><\/h4><p>El tipo de datos y las categor\u00edas de interesados tratados en virtud del presente Acuerdo de Tratamiento por el Encargado en relaci\u00f3n con la prestaci\u00f3n de Trustlinks, as\u00ed como la finalidad, naturaleza, duraci\u00f3n y objeto del tratamiento, se describen en la secci\u00f3n 5. El Cliente deber\u00e1 garantizar que el Encargado no trate categor\u00edas adicionales de datos distintas de las especificadas en la secci\u00f3n 5.<\/p><p>El Cliente es consciente de que Trustlinks es una plataforma distribuida a un gran n\u00famero de clientes y que, por lo tanto, no necesariamente podremos seguir instrucciones que no sean consecuencia directa de la necesidad del Cliente de cumplir con las Normas de Protecci\u00f3n de Datos. Si el Cliente nos proporciona instrucciones que no podamos seguir, el Cliente se compromete a cesar la introducci\u00f3n y exportaci\u00f3n de todos los Datos del Cliente afectados por dichas instrucciones. Lo anterior no constituir\u00e1 un incumplimiento contractual ni afectar\u00e1 a la disponibilidad de Trustlinks.<\/p><p>El Cliente es el responsable del tratamiento de todos los datos personales que el Encargado trate por cuenta del Cliente en virtud del presente Acuerdo de Tratamiento. En consecuencia, el Cliente es responsable del cumplimiento de las Normas de Protecci\u00f3n de Datos aplicables y se compromete a seguir las directrices para el uso de Trustlinks que resulten aplicables en cada momento.<\/p><p>Mediante la celebraci\u00f3n del presente Contrato, el Cliente acepta que las medidas de seguridad establecidas en las medidas organizativas y t\u00e9cnicas vigentes de Trustlinks son adecuadas para el uso previsto de Trustlinks por parte del Cliente.<\/p><p>\u00a0<\/p><h4><strong>2. Compromisos del Encargado<\/strong><\/h4><p>El Encargado se compromete a:<\/p><ol><li>Contar con medidas t\u00e9cnicas y organizativas de seguridad adecuadas y adoptar las medidas de seguridad establecidas en las medidas organizativas y t\u00e9cnicas vigentes de Trustlinks (Trustlinks.com\/measures) y en el art\u00edculo 32 del RGPD, a fin de proteger los datos tratados en virtud del presente Acuerdo, incluida la imposici\u00f3n de un deber de confidencialidad adecuado a las personas del Encargado autorizadas a tratar dichos datos;<\/li><li>Asistir al Cliente en el cumplimiento de los requisitos de seguridad establecidos en los art\u00edculos 32 a 36 del RGPD (tales como medidas t\u00e9cnicas y organizativas, notificaci\u00f3n e informaci\u00f3n al Cliente sin demora indebida en caso de violaci\u00f3n de datos personales, evaluaci\u00f3n de impacto y consulta previa), as\u00ed como en el cumplimiento de las obligaciones del Cliente relativas a los derechos de los interesados establecidos en el Cap\u00edtulo III del RGPD (como el derecho de informaci\u00f3n, acceso, rectificaci\u00f3n, supresi\u00f3n, limitaci\u00f3n del tratamiento, portabilidad de los datos y oposici\u00f3n a la toma de decisiones automatizadas);<\/li><li>Otorgar al Cliente el derecho a recibir informaci\u00f3n del Encargado con el fin de verificar las medidas adoptadas por este de conformidad con el presente Acuerdo. El Encargado facilitar\u00e1 y contribuir\u00e1 a las investigaciones (incluidas inspecciones) realizadas por el Cliente o por un auditor que act\u00fae en su nombre. Asimismo, el Encargado remitir\u00e1 al Cliente cualquier solicitud de informaci\u00f3n recibida de un interesado, de la autoridad de control o de un tercero en relaci\u00f3n con el tratamiento de datos personales. El Encargado informar\u00e1 sin demora al Cliente de cualquier contacto por parte de la autoridad de control que afecte o pueda ser relevante para el tratamiento de datos personales;<\/li><li>Seg\u00fan lo que el Cliente elija, suprimir, anonimizar o devolver al Cliente todos los datos personales cuando el Contrato finalice, independientemente del motivo, incluida la supresi\u00f3n de todas las copias que, conforme a la normativa de protecci\u00f3n de datos, no deban conservarse;<\/li><li>Proporcionar al Cliente acceso a la informaci\u00f3n necesaria para que este pueda cumplir sus obligaciones como responsable del tratamiento frente a la autoridad de control y\/o los interesados;<\/li><li>No transferir los datos a terceros pa\u00edses ni a una organizaci\u00f3n internacional, salvo que as\u00ed lo exija la normativa de protecci\u00f3n de datos, en cuyo caso el Encargado informar\u00e1 inmediatamente al Cliente, salvo que dicha informaci\u00f3n est\u00e9 prohibida.<br \/><br \/><\/li><\/ol><p>El Encargado se compromete asimismo a tratar los datos en todo momento de conformidad con las Normas de Protecci\u00f3n de Datos. Esto incluye, entre otras obligaciones, mantener un registro de todas las categor\u00edas de actividades de tratamiento realizadas, proporcionar un extracto de dicho registro a solicitud del Cliente e informar inmediatamente al Cliente si el Encargado sospecha que existe riesgo de vulneraci\u00f3n de los derechos y libertades de los interesados.<\/p><p>\u00a0<\/p><h4><strong>3. Subencargados y transferencias a terceros pa\u00edses<\/strong><\/h4><p>Siempre que el Encargado (i) informe al Responsable con la debida antelaci\u00f3n de sus planes, otorgando al Responsable el derecho de oposici\u00f3n, el Encargado cuenta con una autorizaci\u00f3n general para contratar subencargados para el tratamiento de datos por cuenta del Cliente, siendo plenamente responsable frente al Cliente por dichos subencargados.<\/p><p>Siempre que el Encargado (i) informe al Responsable al menos con 30 d\u00edas de antelaci\u00f3n, otorgando al Responsable el derecho de oposici\u00f3n, y (ii) aplique mecanismos de seguridad adecuados y aprobados conforme a las Normas de Protecci\u00f3n de Datos, el Encargado podr\u00e1 transferir Datos Personales fuera de la UE\/EEE.<\/p><p>Mediante la celebraci\u00f3n del presente Contrato, el Cliente aprueba los subencargados indicados en la secci\u00f3n 5. En el momento de la firma del presente Contrato, el Encargado no transfiere Datos Personales a ning\u00fan tercer pa\u00eds.<\/p><p>\u00a0<\/p><h4><strong>4. Disposiciones varias<\/strong><\/h4><p>Las disposiciones del Contrato tambi\u00e9n ser\u00e1n aplicables al presente Acuerdo de Tratamiento. En caso de conflicto entre el Contrato y el presente Acuerdo de Tratamiento, prevalecer\u00e1 este \u00faltimo.<\/p><p>\u00a0<\/p><h4><strong>5. Instrucciones<\/strong><\/h4><p>La presente secci\u00f3n 5 constituye las instrucciones iniciales del Cliente al Encargado y podr\u00e1, con sujeci\u00f3n a la secci\u00f3n 1.2, ser complementada posteriormente.<\/p><p>Categor\u00edas de interesados: Personas que utilizan o se ven afectadas por la plataforma de cumplimiento Trustlinks, tales como empleados, consultores, socios y personas incluidas en registros o comunicaciones gestionadas en el sistema.<\/p><p>Finalidad, naturaleza y objeto del tratamiento, y categor\u00edas de datos personales: El tratamiento se realiza para apoyar la gesti\u00f3n segura del cumplimiento normativo, incluyendo la documentaci\u00f3n de pol\u00edticas, registros de riesgos, auditor\u00edas internas y mecanismos de reporte. Las operaciones de tratamiento incluyen la recogida, estructuraci\u00f3n, almacenamiento, recuperaci\u00f3n, limitaci\u00f3n, control de acceso, comunicaci\u00f3n y supresi\u00f3n de datos personales. Las categor\u00edas de datos personales tratados pueden incluir nombres, cargos, datos de contacto, informaci\u00f3n laboral, registros de comunicaciones, notas relacionadas con casos y otra documentaci\u00f3n relevante para el cumplimiento. Dependiendo de la configuraci\u00f3n del Cliente, tambi\u00e9n podr\u00e1n tratarse categor\u00edas especiales de datos (por ejemplo, datos de salud o antecedentes penales) de conformidad con los requisitos del RGPD.<\/p><p>Conservaci\u00f3n de datos: Los datos se conservar\u00e1n durante el per\u00edodo definido por el Cliente en la configuraci\u00f3n de retenci\u00f3n de la plataforma Trustlinks.<\/p><p>Subencargados: A la fecha de celebraci\u00f3n del presente Contrato, el Encargado cuenta con los siguientes subencargados, que podr\u00e1n ser modificados conforme a la Secci\u00f3n 3:<\/p><p>SMSAPI (Polonia)<\/p><p>Brevo (Francia)<\/p><p>OPSWAT (Alemania)<\/p><p>Glesys (Suecia)<\/p><p>T-Systems International (Alemania)<\/p><p>\u00a0<\/p><p>Transferencias a terceros pa\u00edses: A la fecha de celebraci\u00f3n del presente Contrato, el Encargado no realiza transferencias fuera de la UE\/EEE, sin perjuicio de lo dispuesto en la Secci\u00f3n 3.<\/p><ol><li><strong>Transferencias fuera de la UE\/EEE:<\/strong> ninguna.<\/li><\/ol>\t\t\t\t\t\t\t\t<\/div>\n\t\t\t\t<\/div>\n\t\t\t\t\t<\/div>\n\t\t\t\t<\/div>\n\t\t\t\t<\/div>\n\t\t","protected":false},"excerpt":{"rendered":"<p>El presente Acuerdo de Tratamiento de Datos (el \u201cAcuerdo de Tratamiento\u201d) regula el tratamiento de datos personales que resulta del uso de Trustlinks por parte del Cliente de conformidad con el Contrato y, en consecuencia, forma parte integrante del mismo. Los Datos del Cliente que el Cliente introduce en Trustlinks est\u00e1n cifrados y Nosotros no [&hellip;]<\/p>\n","protected":false},"author":2,"featured_media":0,"parent":0,"menu_order":0,"comment_status":"closed","ping_status":"closed","template":"","meta":{"footnotes":""},"class_list":["post-3552","page","type-page","status-publish","hentry"],"yoast_head":"<!-- This site is optimized with the Yoast SEO Premium plugin v26.4 (Yoast SEO v27.2) - https:\/\/yoast.com\/product\/yoast-seo-premium-wordpress\/ -->\n<title>ANEXO 1 ACUERDO DE TRATAMIENTO DE DATOS - Trustlinks<\/title>\n<meta name=\"robots\" content=\"index, follow, max-snippet:-1, max-image-preview:large, max-video-preview:-1\" \/>\n<link rel=\"canonical\" href=\"https:\/\/www.trustlinks.com\/es\/acuerdo-de-tratamiento-de-datos\/\" \/>\n<meta property=\"og:locale\" content=\"es_ES\" \/>\n<meta property=\"og:type\" content=\"article\" \/>\n<meta property=\"og:title\" content=\"ANEXO 1 ACUERDO DE TRATAMIENTO DE DATOS\" \/>\n<meta property=\"og:description\" content=\"El presente Acuerdo de Tratamiento de Datos (el \u201cAcuerdo de Tratamiento\u201d) regula el tratamiento de datos personales que resulta del uso de Trustlinks por parte del Cliente de conformidad con el Contrato y, en consecuencia, forma parte integrante del mismo. Los Datos del Cliente que el Cliente introduce en Trustlinks est\u00e1n cifrados y Nosotros no [&hellip;]\" \/>\n<meta property=\"og:url\" content=\"https:\/\/www.trustlinks.com\/es\/acuerdo-de-tratamiento-de-datos\/\" \/>\n<meta property=\"og:site_name\" content=\"Trustlinks\" \/>\n<meta property=\"article:modified_time\" content=\"2026-03-05T11:00:34+00:00\" \/>\n<meta name=\"twitter:card\" content=\"summary_large_image\" \/>\n<meta name=\"twitter:label1\" content=\"Tiempo de lectura\" \/>\n\t<meta name=\"twitter:data1\" content=\"7 minutos\" \/>\n<script type=\"application\/ld+json\" class=\"yoast-schema-graph\">{\"@context\":\"https:\/\/schema.org\",\"@graph\":[{\"@type\":\"WebPage\",\"@id\":\"https:\/\/www.trustlinks.com\/es\/acuerdo-de-tratamiento-de-datos\/\",\"url\":\"https:\/\/www.trustlinks.com\/es\/acuerdo-de-tratamiento-de-datos\/\",\"name\":\"ANEXO 1 ACUERDO DE TRATAMIENTO DE DATOS - Trustlinks\",\"isPartOf\":{\"@id\":\"https:\/\/www.trustlinks.com\/es\/#website\"},\"datePublished\":\"2026-03-04T07:52:52+00:00\",\"dateModified\":\"2026-03-05T11:00:34+00:00\",\"breadcrumb\":{\"@id\":\"https:\/\/www.trustlinks.com\/es\/acuerdo-de-tratamiento-de-datos\/#breadcrumb\"},\"inLanguage\":\"es\",\"potentialAction\":[{\"@type\":\"ReadAction\",\"target\":[\"https:\/\/www.trustlinks.com\/es\/acuerdo-de-tratamiento-de-datos\/\"]}]},{\"@type\":\"BreadcrumbList\",\"@id\":\"https:\/\/www.trustlinks.com\/es\/acuerdo-de-tratamiento-de-datos\/#breadcrumb\",\"itemListElement\":[{\"@type\":\"ListItem\",\"position\":1,\"name\":\"Home\",\"item\":\"https:\/\/www.trustlinks.com\/es\/inicio\/\"},{\"@type\":\"ListItem\",\"position\":2,\"name\":\"ANEXO 1 ACUERDO DE TRATAMIENTO DE DATOS\"}]},{\"@type\":\"WebSite\",\"@id\":\"https:\/\/www.trustlinks.com\/es\/#website\",\"url\":\"https:\/\/www.trustlinks.com\/es\/\",\"name\":\"Trustlinks\",\"description\":\"Clarity. Control. Continuous compliance.\",\"publisher\":{\"@id\":\"https:\/\/www.trustlinks.com\/es\/#organization\"},\"potentialAction\":[{\"@type\":\"SearchAction\",\"target\":{\"@type\":\"EntryPoint\",\"urlTemplate\":\"https:\/\/www.trustlinks.com\/es\/?s={search_term_string}\"},\"query-input\":{\"@type\":\"PropertyValueSpecification\",\"valueRequired\":true,\"valueName\":\"search_term_string\"}}],\"inLanguage\":\"es\"},{\"@type\":\"Organization\",\"@id\":\"https:\/\/www.trustlinks.com\/es\/#organization\",\"name\":\"Trustlinks\",\"url\":\"https:\/\/www.trustlinks.com\/es\/\",\"logo\":{\"@type\":\"ImageObject\",\"inLanguage\":\"es\",\"@id\":\"https:\/\/www.trustlinks.com\/es\/#\/schema\/logo\/image\/\",\"url\":\"https:\/\/www.trustlinks.com\/wp-content\/uploads\/2025\/10\/Trustlinks_logo_dark.png\",\"contentUrl\":\"https:\/\/www.trustlinks.com\/wp-content\/uploads\/2025\/10\/Trustlinks_logo_dark.png\",\"width\":1634,\"height\":190,\"caption\":\"Trustlinks\"},\"image\":{\"@id\":\"https:\/\/www.trustlinks.com\/es\/#\/schema\/logo\/image\/\"},\"sameAs\":[\"https:\/\/www.linkedin.com\/trustlinks-compliance\/\"]}]}<\/script>\n<!-- \/ Yoast SEO Premium plugin. -->","yoast_head_json":{"title":"ANEXO 1 ACUERDO DE TRATAMIENTO DE DATOS - Trustlinks","robots":{"index":"index","follow":"follow","max-snippet":"max-snippet:-1","max-image-preview":"max-image-preview:large","max-video-preview":"max-video-preview:-1"},"canonical":"https:\/\/www.trustlinks.com\/es\/acuerdo-de-tratamiento-de-datos\/","og_locale":"es_ES","og_type":"article","og_title":"ANEXO 1 ACUERDO DE TRATAMIENTO DE DATOS","og_description":"El presente Acuerdo de Tratamiento de Datos (el \u201cAcuerdo de Tratamiento\u201d) regula el tratamiento de datos personales que resulta del uso de Trustlinks por parte del Cliente de conformidad con el Contrato y, en consecuencia, forma parte integrante del mismo. Los Datos del Cliente que el Cliente introduce en Trustlinks est\u00e1n cifrados y Nosotros no [&hellip;]","og_url":"https:\/\/www.trustlinks.com\/es\/acuerdo-de-tratamiento-de-datos\/","og_site_name":"Trustlinks","article_modified_time":"2026-03-05T11:00:34+00:00","twitter_card":"summary_large_image","twitter_misc":{"Tiempo de lectura":"7 minutos"},"schema":{"@context":"https:\/\/schema.org","@graph":[{"@type":"WebPage","@id":"https:\/\/www.trustlinks.com\/es\/acuerdo-de-tratamiento-de-datos\/","url":"https:\/\/www.trustlinks.com\/es\/acuerdo-de-tratamiento-de-datos\/","name":"ANEXO 1 ACUERDO DE TRATAMIENTO DE DATOS - Trustlinks","isPartOf":{"@id":"https:\/\/www.trustlinks.com\/es\/#website"},"datePublished":"2026-03-04T07:52:52+00:00","dateModified":"2026-03-05T11:00:34+00:00","breadcrumb":{"@id":"https:\/\/www.trustlinks.com\/es\/acuerdo-de-tratamiento-de-datos\/#breadcrumb"},"inLanguage":"es","potentialAction":[{"@type":"ReadAction","target":["https:\/\/www.trustlinks.com\/es\/acuerdo-de-tratamiento-de-datos\/"]}]},{"@type":"BreadcrumbList","@id":"https:\/\/www.trustlinks.com\/es\/acuerdo-de-tratamiento-de-datos\/#breadcrumb","itemListElement":[{"@type":"ListItem","position":1,"name":"Home","item":"https:\/\/www.trustlinks.com\/es\/inicio\/"},{"@type":"ListItem","position":2,"name":"ANEXO 1 ACUERDO DE TRATAMIENTO DE DATOS"}]},{"@type":"WebSite","@id":"https:\/\/www.trustlinks.com\/es\/#website","url":"https:\/\/www.trustlinks.com\/es\/","name":"Trustlinks","description":"Clarity. Control. Continuous compliance.","publisher":{"@id":"https:\/\/www.trustlinks.com\/es\/#organization"},"potentialAction":[{"@type":"SearchAction","target":{"@type":"EntryPoint","urlTemplate":"https:\/\/www.trustlinks.com\/es\/?s={search_term_string}"},"query-input":{"@type":"PropertyValueSpecification","valueRequired":true,"valueName":"search_term_string"}}],"inLanguage":"es"},{"@type":"Organization","@id":"https:\/\/www.trustlinks.com\/es\/#organization","name":"Trustlinks","url":"https:\/\/www.trustlinks.com\/es\/","logo":{"@type":"ImageObject","inLanguage":"es","@id":"https:\/\/www.trustlinks.com\/es\/#\/schema\/logo\/image\/","url":"https:\/\/www.trustlinks.com\/wp-content\/uploads\/2025\/10\/Trustlinks_logo_dark.png","contentUrl":"https:\/\/www.trustlinks.com\/wp-content\/uploads\/2025\/10\/Trustlinks_logo_dark.png","width":1634,"height":190,"caption":"Trustlinks"},"image":{"@id":"https:\/\/www.trustlinks.com\/es\/#\/schema\/logo\/image\/"},"sameAs":["https:\/\/www.linkedin.com\/trustlinks-compliance\/"]}]}},"_links":{"self":[{"href":"https:\/\/www.trustlinks.com\/es\/wp-json\/wp\/v2\/pages\/3552","targetHints":{"allow":["GET"]}}],"collection":[{"href":"https:\/\/www.trustlinks.com\/es\/wp-json\/wp\/v2\/pages"}],"about":[{"href":"https:\/\/www.trustlinks.com\/es\/wp-json\/wp\/v2\/types\/page"}],"author":[{"embeddable":true,"href":"https:\/\/www.trustlinks.com\/es\/wp-json\/wp\/v2\/users\/2"}],"replies":[{"embeddable":true,"href":"https:\/\/www.trustlinks.com\/es\/wp-json\/wp\/v2\/comments?post=3552"}],"version-history":[{"count":4,"href":"https:\/\/www.trustlinks.com\/es\/wp-json\/wp\/v2\/pages\/3552\/revisions"}],"predecessor-version":[{"id":3556,"href":"https:\/\/www.trustlinks.com\/es\/wp-json\/wp\/v2\/pages\/3552\/revisions\/3556"}],"wp:attachment":[{"href":"https:\/\/www.trustlinks.com\/es\/wp-json\/wp\/v2\/media?parent=3552"}],"curies":[{"name":"wp","href":"https:\/\/api.w.org\/{rel}","templated":true}]}}