{"id":3527,"date":"2026-03-04T07:52:52","date_gmt":"2026-03-04T07:52:52","guid":{"rendered":"https:\/\/www.trustlinks.com\/?page_id=3527"},"modified":"2026-03-05T10:44:35","modified_gmt":"2026-03-05T10:44:35","slug":"contratto-per-il-trattamento-dei-dati-personali","status":"publish","type":"page","link":"https:\/\/www.trustlinks.com\/it\/contratto-per-il-trattamento-dei-dati-personali\/","title":{"rendered":"ALLEGATO 1 CONTRATTO PER IL TRATTAMENTO DEI DATI PERSONALI\u00a0 \u00a0\u00a0"},"content":{"rendered":"\t\t<div data-elementor-type=\"wp-page\" data-elementor-id=\"3527\" class=\"elementor elementor-3527 elementor-3316\" data-elementor-post-type=\"page\">\n\t\t\t\t<div class=\"elementor-element elementor-element-047d441 e-flex e-con-boxed e-con e-parent\" data-id=\"047d441\" data-element_type=\"container\" data-e-type=\"container\">\n\t\t\t\t\t<div class=\"e-con-inner\">\n\t\t<div class=\"elementor-element elementor-element-f2dd4fd e-con-full e-flex e-con e-child\" data-id=\"f2dd4fd\" data-element_type=\"container\" data-e-type=\"container\">\n\t\t\t\t<div class=\"elementor-element elementor-element-dbb0f41 elementor-widget elementor-widget-heading\" data-id=\"dbb0f41\" data-element_type=\"widget\" data-e-type=\"widget\" data-widget_type=\"heading.default\">\n\t\t\t\t\t<h1 class=\"elementor-heading-title elementor-size-default\">ALLEGATO 1 CONTRATTO PER IL TRATTAMENTO DEI DATI PERSONALI\u00a0 \u00a0\u00a0<\/h1>\t\t\t\t<\/div>\n\t\t\t\t<\/div>\n\t\t\t\t\t<\/div>\n\t\t\t\t<\/div>\n\t\t<div class=\"elementor-element elementor-element-a1715f2 e-flex e-con-boxed e-con e-parent\" data-id=\"a1715f2\" data-element_type=\"container\" data-e-type=\"container\">\n\t\t\t\t\t<div class=\"e-con-inner\">\n\t\t<div class=\"elementor-element elementor-element-ae153e7 e-con-full e-flex e-con e-child\" data-id=\"ae153e7\" data-element_type=\"container\" data-e-type=\"container\">\n\t\t\t\t<div class=\"elementor-element elementor-element-8c24a65 elementor-widget elementor-widget-text-editor\" data-id=\"8c24a65\" data-element_type=\"widget\" data-e-type=\"widget\" data-widget_type=\"text-editor.default\">\n\t\t\t\t\t\t\t\t\t<p><em>Il presente Contratto per il Trattamento dei Dati Personali (il \u201c<strong>Contratto per il trattamento<\/strong>\u201d) disciplina il trattamento dei dati personali derivante dall\u2019utilizzo di Trustlinks da parte del Cliente in conformit\u00e0 con il Contratto ed \u00e8 pertanto parte integrante dello stesso. I Dati del Cliente inseriti da quest\u2019ultimo in Trustlinks sono crittografati e noi non abbiamo accesso alle informazioni se non perch\u00e9 le archiviamo sui nostri server e, in casi eccezionali, potremmo dover assistere il Cliente in relazione a questioni di supporto. Questa memorizzazione delle informazioni significa che, ai sensi del Regolamento sulla Protezione dei Dati (2016\/679) (\u201cGDPR\u201d), siamo considerati responsabili del trattamento dei dati personali per conto del Cliente e quindi costituiamo un responsabile del trattamento per il Cliente nel suo ruolo di titolare del trattamento. I termini del presente Contratto per il trattamento dei dati devono essere interpretati in conformit\u00e0 con il GDPR e con gli adeguamenti e le normative locali applicabili in materia di protezione dei dati (collettivamente denominati \u201c<strong>Norme per la tutela dei dati<\/strong>\u201d). I termini del Contratto per il trattamento dei dati hanno il significato che appare principalmente nelle Norme per la tutela dei dati e, in caso contrario, nel Contratto, a meno che le circostanze non indichino chiaramente il contrario.<\/em><\/p>\t\t\t\t\t\t\t\t<\/div>\n\t\t\t\t<div class=\"elementor-element elementor-element-0fdd428 elementor-widget elementor-widget-text-editor\" data-id=\"0fdd428\" data-element_type=\"widget\" data-e-type=\"widget\" data-widget_type=\"text-editor.default\">\n\t\t\t\t\t\t\t\t\t<h4>1. Responsabilit\u00e0 e istruzioni<\/h4><p>Il tipo di dati e le categorie di soggetti interessati trattati dal Responsabile del trattamento ai sensi del presente Contratto per il trattamento in relazione alla fornitura di Trustlinks da parte del Responsabile del trattamento, nonch\u00e9 lo scopo, la natura, la durata e l&#8217;oggetto del trattamento sono descritti nella Sezione 5. Il Cliente dovr\u00e0 garantire che il Responsabile del trattamento non tratti categorie di dati aggiuntive rispetto a quelle specificate nella Sezione 5.\u00a0<\/p><p>Il Cliente \u00e8 consapevole che Trustlinks \u00e8 una piattaforma distribuita a un gran numero di clienti e che pertanto non saremo necessariamente in grado di seguire tali istruzioni che non sono una conseguenza diretta della necessit\u00e0 del Cliente di seguire le Norme per la tutela dei dati. Se il Cliente ci fornisce istruzioni che non abbiamo la possibilit\u00e0 di seguire, il Cliente si impegna a interrompere l&#8217;inserimento e l&#8217;esportazione di tutti i Dati del Cliente interessati dalle istruzioni attuali. Quanto sopra non costituisce una violazione del contratto o della disponibilit\u00e0 di Trustlinks.<\/p><p>Il Cliente \u00e8 il titolare del trattamento di tutti i dati personali che il Responsabile del trattamento tratta per conto del Cliente ai sensi del Contratto per il trattamento dei dati. Il Cliente \u00e8 quindi responsabile del rispetto delle Norme per la tutela dei dati applicabili e si impegna a seguire le linee guida per l&#8217;uso di Trustlinks applicabili di volta in volta.<\/p><p>Con la sottoscrizione del presente Contratto, il Cliente accetta le misure di sicurezza previste dalle attuali misure organizzative e tecniche di Trustlinks come adeguate all&#8217;uso che il Cliente intende fare di Trustlinks.\u00a0<\/p><p>\u00a0<\/p><h4>2. Impegno del Responsabile del trattamento<\/h4><p>Il Responsabile del trattamento si impegna a:<\/p><ol><li>disporre di adeguate misure di sicurezza tecniche e organizzative e a adottare le misure di sicurezza previste dalle attuali misure organizzative e tecniche di Trustlinks, Trustlinks.com\/measures, e dall&#8217;articolo 32 del GDPR per proteggere i dati trattati ai sensi del presente Contratto, compreso un adeguato obbligo di riservatezza imposto alle figure del Responsabile del trattamento con l&#8217;autorit\u00e0 di trattare tali dati;<\/li><li>assistere il Cliente nell&#8217;adempimento degli obblighi di sicurezza previsti dagli articoli 32-36 del GDPR (quali misure tecniche e organizzative, notifica e informazione al Cliente senza indebito ritardo in caso di violazione dei dati personali, valutazione d&#8217;impatto e consultazione preventiva), e che siano rispettati gli obblighi del Cliente in materia di diritti individuali di cui al Capitolo III del GDPR (quali il diritto all&#8217;informazione, all&#8217;accesso, alla rettifica, alla cancellazione, alla limitazione del trattamento, alla portabilit\u00e0 dei dati, all&#8217;opposizione al processo decisionale automatizzato);<\/li><li>conferendo al Cliente il diritto di ricevere informazioni dal Responsabile del trattamento al fine di controllare e verificare le misure adottate dal Responsabile del trattamento in conformit\u00e0 al presente contratto. Il Responsabile del trattamento faciliter\u00e0 e contribuir\u00e0 alle indagini (comprese le ispezioni) condotte dal Cliente o da un revisore che svolge tali indagini per conto del Cliente. Il Responsabile del trattamento far\u00e0 inoltre riferimento al Cliente i cui dati personali sono trattati, all&#8217;autorit\u00e0 di controllo o ad un altro terzo che richieda informazioni al Responsabile del trattamento in merito al trattamento dei dati personali. Il Responsabile del trattamento informer\u00e0 senza indugio il Cliente di eventuali contatti da parte dell&#8217;autorit\u00e0 di controllo che riguardano o possono essere rilevanti per il trattamento dei dati personali;<\/li><li>a seconda di ci\u00f2 che il Cliente sceglie; cancellare, rendere anonimi o restituire tutti i dati personali al Cliente al termine del Contratto, indipendentemente dal motivo, compresa la cancellazione di tutte le copie che, ai sensi della Legge sulla Protezione dei Dati, non devono essere conservate;<\/li><li>altrimenti fornire al Cliente l&#8217;accesso alle informazioni necessarie affinch\u00e9 il Cliente possa adempiere ai propri obblighi in qualit\u00e0 di titolare del trattamento nei confronti dell&#8217;autorit\u00e0 di controllo e\/o delle persone fisiche;<\/li><li>non trasferire i dati a paesi terzi o a un&#8217;organizzazione internazionale, salvo nei casi previsti dalla Legge sulla Protezione dei Dati, nel qual caso il Responsabile del Trattamento ne dar\u00e0 immediata comunicazione al Cliente, salvo che tale comunicazione sia vietata. \u00a0<br \/><br \/><\/li><\/ol><p>Il Responsabile del trattamento si impegna inoltre a trattare i dati sempre in conformit\u00e0 con le Norme per la tutela dei dati. Ci\u00f2 include, a titolo esemplificativo ma non esaustivo, la conservazione di un registro di tutte le categorie di trattamenti effettuati, la fornitura di un estratto del registro dei trattamenti completati su richiesta del Cliente e l&#8217;immediata informazione al Cliente qualora il Responsabile del trattamento sospetti che vi sia il rischio di violazione delle libert\u00e0 e dei diritti dell&#8217;interessato.<\/p><p>\u00a0<\/p><h4>3. Sub-responsabili del trattamento e trasferimento a paesi terzi\u00a0<\/h4><p>A condizione che il Responsabile del trattamento (i) informi il Titolare del trattamento dei propri piani con un anticipo ragionevole, con il diritto per il Titolare del trattamento di opporsi, il Responsabile del trattamento ha l&#8217;autorizzazione generale ad assumere sub-responsabili del trattamento per il trattamento dei dati per conto del Cliente, per il quale il Responsabile del trattamento sar\u00e0 pienamente responsabile nei confronti del Cliente.<\/p><p>A condizione che il Responsabile del trattamento (i) informi il Titolare del trattamento dei propri piani con almeno 30 giorni di anticipo, con il diritto per il Titolare del trattamento di opporsi, e (ii) applichi meccanismi di sicurezza adeguati e conformi alle Norme per la Tutela dei Dati approvate, il Responsabile del trattamento pu\u00f2 trasferire i Dati Personali al di fuori dell&#8217;UE\/SEE.<\/p><p>Con la stipula del presente Contratto, il Cliente approva i sub-responsabili del trattamento indicati nella Sezione 5. Al momento della stipula del presente Contratto, il Responsabile del trattamento non trasferisce Dati Personali a nessun paese terzo.<\/p><p>\u00a0<\/p><h4>4. Disposizioni varie<\/h4><p>Le disposizioni del Contratto si applicano anche al presente Contratto per il trattamento dei dati. In caso di conflitto tra il Contratto e il presente Contratto per il trattamento dei dati, prevarr\u00e0 il Contratto per il trattamento dei dati.<\/p><p>\u00a0<\/p><h4>5. Istruzioni<\/h4><p>La presente Sezione 5 costituisce le istruzioni iniziali del Cliente al Responsabile del trattamento e pu\u00f2, ai sensi della Sezione 1.2, essere integrata in un secondo momento.<\/p><p><strong>Categorie di soggetti interessati.<\/strong> Persone che utilizzano o sono interessate dalla piattaforma di conformit\u00e0 Trustlinks, quali dipendenti, consulenti, partner e persone incluse nei registri o nelle comunicazioni gestiti nel sistema.<\/p><p><strong>Scopo, natura e oggetto del trattamento e categorie di dati personali.<\/strong> Il trattamento viene effettuato per supportare una gestione sicura della conformit\u00e0, compresa la documentazione delle politiche, i registri dei rischi, gli audit interni e i meccanismi di segnalazione. Le operazioni di trattamento includono la raccolta, la strutturazione, l&#8217;archiviazione, il recupero, la limitazione, il controllo dell&#8217;accesso, la comunicazione e la cancellazione dei dati personali. Le categorie di dati personali trattati possono includere nomi, posizioni, recapiti, informazioni sull&#8217;occupazione, registrazioni delle comunicazioni, note relative ai casi e altra documentazione rilevante ai fini della conformit\u00e0. A seconda delle configurazioni del Cliente, possono essere trattate anche categorie speciali di dati (ad esempio, salute, casellario giudiziario) in conformit\u00e0 con i requisiti del GDPR.<\/p><p><strong>Conservazione dei dati.<\/strong> I dati vengono conservati per la durata definita dal Cliente nelle impostazioni di conservazione del sistema Trustlinks.<\/p><p><strong>Sub-responsabili del trattamento.<\/strong> Alla data di conclusione del presente Contratto, il Responsabile del trattamento dispone dei seguenti sub-responsabili del trattamento, che possono tuttavia essere modificati in conformit\u00e0 con la Sezione 3:<\/p><p>\u00a0\u00a0\u00a0\u00a0\u00a0\u00a0\u00a0\u00a0\u00a0\u00a0 SMSAPI (Polonia)<\/p><p>\u00a0\u00a0\u00a0\u00a0\u00a0\u00a0\u00a0\u00a0\u00a0\u00a0 Brevo (Francia)<\/p><p>\u00a0\u00a0\u00a0\u00a0\u00a0\u00a0\u00a0\u00a0\u00a0\u00a0 OPSWAT (Germania)<\/p><p>\u00a0\u00a0\u00a0\u00a0\u00a0\u00a0\u00a0\u00a0\u00a0\u00a0 Glesys (Svezia)<\/p><p>\u00a0\u00a0\u00a0\u00a0\u00a0\u00a0\u00a0\u00a0\u00a0\u00a0 T-Systems International (Germania)<\/p><p><strong>Trasferimenti a paesi terzi.<\/strong> Alla data di conclusione del presente Contratto, il Responsabile del trattamento non effettua trasferimenti al di fuori dell&#8217;UE\/SEE, che potranno tuttavia essere modificati in conformit\u00e0 con la Sezione 3:<\/p><ol><li>Trasferimenti al di fuori dell&#8217;UE\/SEE: nessuno.<\/li><\/ol>\t\t\t\t\t\t\t\t<\/div>\n\t\t\t\t<\/div>\n\t\t\t\t\t<\/div>\n\t\t\t\t<\/div>\n\t\t\t\t<\/div>\n\t\t","protected":false},"excerpt":{"rendered":"<p>Il presente Contratto per il Trattamento dei Dati Personali (il \u201cContratto per il trattamento\u201d) disciplina il trattamento dei dati personali derivante dall\u2019utilizzo di Trustlinks da parte del Cliente in conformit\u00e0 con il Contratto ed \u00e8 pertanto parte integrante dello stesso. I Dati del Cliente inseriti da quest\u2019ultimo in Trustlinks sono crittografati e noi non abbiamo [&hellip;]<\/p>\n","protected":false},"author":2,"featured_media":0,"parent":0,"menu_order":0,"comment_status":"closed","ping_status":"closed","template":"","meta":{"footnotes":""},"class_list":["post-3527","page","type-page","status-publish","hentry"],"yoast_head":"<!-- This site is optimized with the Yoast SEO Premium plugin v26.4 (Yoast SEO v27.2) - https:\/\/yoast.com\/product\/yoast-seo-premium-wordpress\/ -->\n<title>ALLEGATO 1 CONTRATTO PER IL TRATTAMENTO DEI DATI PERSONALI\u00a0 \u00a0\u00a0 - Trustlinks<\/title>\n<meta name=\"robots\" content=\"index, follow, max-snippet:-1, max-image-preview:large, max-video-preview:-1\" \/>\n<link rel=\"canonical\" href=\"https:\/\/www.trustlinks.com\/it\/contratto-per-il-trattamento-dei-dati-personali\/\" \/>\n<meta property=\"og:locale\" content=\"it_IT\" \/>\n<meta property=\"og:type\" content=\"article\" \/>\n<meta property=\"og:title\" content=\"ALLEGATO 1 CONTRATTO PER IL TRATTAMENTO DEI DATI PERSONALI\u00a0 \u00a0\u00a0\" \/>\n<meta property=\"og:description\" content=\"Il presente Contratto per il Trattamento dei Dati Personali (il \u201cContratto per il trattamento\u201d) disciplina il trattamento dei dati personali derivante dall\u2019utilizzo di Trustlinks da parte del Cliente in conformit\u00e0 con il Contratto ed \u00e8 pertanto parte integrante dello stesso. I Dati del Cliente inseriti da quest\u2019ultimo in Trustlinks sono crittografati e noi non abbiamo [&hellip;]\" \/>\n<meta property=\"og:url\" content=\"https:\/\/www.trustlinks.com\/it\/contratto-per-il-trattamento-dei-dati-personali\/\" \/>\n<meta property=\"og:site_name\" content=\"Trustlinks\" \/>\n<meta property=\"article:modified_time\" content=\"2026-03-05T10:44:35+00:00\" \/>\n<meta name=\"twitter:card\" content=\"summary_large_image\" \/>\n<meta name=\"twitter:label1\" content=\"Tempo di lettura stimato\" \/>\n\t<meta name=\"twitter:data1\" content=\"8 minuti\" \/>\n<script type=\"application\/ld+json\" class=\"yoast-schema-graph\">{\"@context\":\"https:\/\/schema.org\",\"@graph\":[{\"@type\":\"WebPage\",\"@id\":\"https:\/\/www.trustlinks.com\/it\/contratto-per-il-trattamento-dei-dati-personali\/\",\"url\":\"https:\/\/www.trustlinks.com\/it\/contratto-per-il-trattamento-dei-dati-personali\/\",\"name\":\"ALLEGATO 1 CONTRATTO PER IL TRATTAMENTO DEI DATI PERSONALI\u00a0 \u00a0\u00a0 - Trustlinks\",\"isPartOf\":{\"@id\":\"https:\/\/www.trustlinks.com\/it\/#website\"},\"datePublished\":\"2026-03-04T07:52:52+00:00\",\"dateModified\":\"2026-03-05T10:44:35+00:00\",\"breadcrumb\":{\"@id\":\"https:\/\/www.trustlinks.com\/it\/contratto-per-il-trattamento-dei-dati-personali\/#breadcrumb\"},\"inLanguage\":\"it-IT\",\"potentialAction\":[{\"@type\":\"ReadAction\",\"target\":[\"https:\/\/www.trustlinks.com\/it\/contratto-per-il-trattamento-dei-dati-personali\/\"]}]},{\"@type\":\"BreadcrumbList\",\"@id\":\"https:\/\/www.trustlinks.com\/it\/contratto-per-il-trattamento-dei-dati-personali\/#breadcrumb\",\"itemListElement\":[{\"@type\":\"ListItem\",\"position\":1,\"name\":\"Home\",\"item\":\"https:\/\/www.trustlinks.com\/it\/casa\/\"},{\"@type\":\"ListItem\",\"position\":2,\"name\":\"ALLEGATO 1 CONTRATTO PER IL TRATTAMENTO DEI DATI PERSONALI\u00a0 \u00a0\u00a0\"}]},{\"@type\":\"WebSite\",\"@id\":\"https:\/\/www.trustlinks.com\/it\/#website\",\"url\":\"https:\/\/www.trustlinks.com\/it\/\",\"name\":\"Trustlinks\",\"description\":\"Clarity. Control. Continuous compliance.\",\"publisher\":{\"@id\":\"https:\/\/www.trustlinks.com\/it\/#organization\"},\"potentialAction\":[{\"@type\":\"SearchAction\",\"target\":{\"@type\":\"EntryPoint\",\"urlTemplate\":\"https:\/\/www.trustlinks.com\/it\/?s={search_term_string}\"},\"query-input\":{\"@type\":\"PropertyValueSpecification\",\"valueRequired\":true,\"valueName\":\"search_term_string\"}}],\"inLanguage\":\"it-IT\"},{\"@type\":\"Organization\",\"@id\":\"https:\/\/www.trustlinks.com\/it\/#organization\",\"name\":\"Trustlinks\",\"url\":\"https:\/\/www.trustlinks.com\/it\/\",\"logo\":{\"@type\":\"ImageObject\",\"inLanguage\":\"it-IT\",\"@id\":\"https:\/\/www.trustlinks.com\/it\/#\/schema\/logo\/image\/\",\"url\":\"https:\/\/www.trustlinks.com\/wp-content\/uploads\/2025\/10\/Trustlinks_logo_dark.png\",\"contentUrl\":\"https:\/\/www.trustlinks.com\/wp-content\/uploads\/2025\/10\/Trustlinks_logo_dark.png\",\"width\":1634,\"height\":190,\"caption\":\"Trustlinks\"},\"image\":{\"@id\":\"https:\/\/www.trustlinks.com\/it\/#\/schema\/logo\/image\/\"},\"sameAs\":[\"https:\/\/www.linkedin.com\/trustlinks-compliance\/\"]}]}<\/script>\n<!-- \/ Yoast SEO Premium plugin. -->","yoast_head_json":{"title":"ALLEGATO 1 CONTRATTO PER IL TRATTAMENTO DEI DATI PERSONALI\u00a0 \u00a0\u00a0 - Trustlinks","robots":{"index":"index","follow":"follow","max-snippet":"max-snippet:-1","max-image-preview":"max-image-preview:large","max-video-preview":"max-video-preview:-1"},"canonical":"https:\/\/www.trustlinks.com\/it\/contratto-per-il-trattamento-dei-dati-personali\/","og_locale":"it_IT","og_type":"article","og_title":"ALLEGATO 1 CONTRATTO PER IL TRATTAMENTO DEI DATI PERSONALI\u00a0 \u00a0\u00a0","og_description":"Il presente Contratto per il Trattamento dei Dati Personali (il \u201cContratto per il trattamento\u201d) disciplina il trattamento dei dati personali derivante dall\u2019utilizzo di Trustlinks da parte del Cliente in conformit\u00e0 con il Contratto ed \u00e8 pertanto parte integrante dello stesso. I Dati del Cliente inseriti da quest\u2019ultimo in Trustlinks sono crittografati e noi non abbiamo [&hellip;]","og_url":"https:\/\/www.trustlinks.com\/it\/contratto-per-il-trattamento-dei-dati-personali\/","og_site_name":"Trustlinks","article_modified_time":"2026-03-05T10:44:35+00:00","twitter_card":"summary_large_image","twitter_misc":{"Tempo di lettura stimato":"8 minuti"},"schema":{"@context":"https:\/\/schema.org","@graph":[{"@type":"WebPage","@id":"https:\/\/www.trustlinks.com\/it\/contratto-per-il-trattamento-dei-dati-personali\/","url":"https:\/\/www.trustlinks.com\/it\/contratto-per-il-trattamento-dei-dati-personali\/","name":"ALLEGATO 1 CONTRATTO PER IL TRATTAMENTO DEI DATI PERSONALI\u00a0 \u00a0\u00a0 - Trustlinks","isPartOf":{"@id":"https:\/\/www.trustlinks.com\/it\/#website"},"datePublished":"2026-03-04T07:52:52+00:00","dateModified":"2026-03-05T10:44:35+00:00","breadcrumb":{"@id":"https:\/\/www.trustlinks.com\/it\/contratto-per-il-trattamento-dei-dati-personali\/#breadcrumb"},"inLanguage":"it-IT","potentialAction":[{"@type":"ReadAction","target":["https:\/\/www.trustlinks.com\/it\/contratto-per-il-trattamento-dei-dati-personali\/"]}]},{"@type":"BreadcrumbList","@id":"https:\/\/www.trustlinks.com\/it\/contratto-per-il-trattamento-dei-dati-personali\/#breadcrumb","itemListElement":[{"@type":"ListItem","position":1,"name":"Home","item":"https:\/\/www.trustlinks.com\/it\/casa\/"},{"@type":"ListItem","position":2,"name":"ALLEGATO 1 CONTRATTO PER IL TRATTAMENTO DEI DATI PERSONALI\u00a0 \u00a0\u00a0"}]},{"@type":"WebSite","@id":"https:\/\/www.trustlinks.com\/it\/#website","url":"https:\/\/www.trustlinks.com\/it\/","name":"Trustlinks","description":"Clarity. Control. Continuous compliance.","publisher":{"@id":"https:\/\/www.trustlinks.com\/it\/#organization"},"potentialAction":[{"@type":"SearchAction","target":{"@type":"EntryPoint","urlTemplate":"https:\/\/www.trustlinks.com\/it\/?s={search_term_string}"},"query-input":{"@type":"PropertyValueSpecification","valueRequired":true,"valueName":"search_term_string"}}],"inLanguage":"it-IT"},{"@type":"Organization","@id":"https:\/\/www.trustlinks.com\/it\/#organization","name":"Trustlinks","url":"https:\/\/www.trustlinks.com\/it\/","logo":{"@type":"ImageObject","inLanguage":"it-IT","@id":"https:\/\/www.trustlinks.com\/it\/#\/schema\/logo\/image\/","url":"https:\/\/www.trustlinks.com\/wp-content\/uploads\/2025\/10\/Trustlinks_logo_dark.png","contentUrl":"https:\/\/www.trustlinks.com\/wp-content\/uploads\/2025\/10\/Trustlinks_logo_dark.png","width":1634,"height":190,"caption":"Trustlinks"},"image":{"@id":"https:\/\/www.trustlinks.com\/it\/#\/schema\/logo\/image\/"},"sameAs":["https:\/\/www.linkedin.com\/trustlinks-compliance\/"]}]}},"_links":{"self":[{"href":"https:\/\/www.trustlinks.com\/it\/wp-json\/wp\/v2\/pages\/3527","targetHints":{"allow":["GET"]}}],"collection":[{"href":"https:\/\/www.trustlinks.com\/it\/wp-json\/wp\/v2\/pages"}],"about":[{"href":"https:\/\/www.trustlinks.com\/it\/wp-json\/wp\/v2\/types\/page"}],"author":[{"embeddable":true,"href":"https:\/\/www.trustlinks.com\/it\/wp-json\/wp\/v2\/users\/2"}],"replies":[{"embeddable":true,"href":"https:\/\/www.trustlinks.com\/it\/wp-json\/wp\/v2\/comments?post=3527"}],"version-history":[{"count":4,"href":"https:\/\/www.trustlinks.com\/it\/wp-json\/wp\/v2\/pages\/3527\/revisions"}],"predecessor-version":[{"id":3531,"href":"https:\/\/www.trustlinks.com\/it\/wp-json\/wp\/v2\/pages\/3527\/revisions\/3531"}],"wp:attachment":[{"href":"https:\/\/www.trustlinks.com\/it\/wp-json\/wp\/v2\/media?parent=3527"}],"curies":[{"name":"wp","href":"https:\/\/api.w.org\/{rel}","templated":true}]}}