{"id":3535,"date":"2026-03-04T07:52:52","date_gmt":"2026-03-04T07:52:52","guid":{"rendered":"https:\/\/www.trustlinks.com\/?page_id=3535"},"modified":"2026-03-05T10:48:39","modified_gmt":"2026-03-05T10:48:39","slug":"umowa-powierzenia-przetwarzania-danych","status":"publish","type":"page","link":"https:\/\/www.trustlinks.com\/pl\/umowa-powierzenia-przetwarzania-danych\/","title":{"rendered":"UMOWA POWIERZENIA DANYCH"},"content":{"rendered":"\t\t<div data-elementor-type=\"wp-page\" data-elementor-id=\"3535\" class=\"elementor elementor-3535 elementor-3316\" data-elementor-post-type=\"page\">\n\t\t\t\t<div class=\"elementor-element elementor-element-047d441 e-flex e-con-boxed e-con e-parent\" data-id=\"047d441\" data-element_type=\"container\" data-e-type=\"container\">\n\t\t\t\t\t<div class=\"e-con-inner\">\n\t\t<div class=\"elementor-element elementor-element-f2dd4fd e-con-full e-flex e-con e-child\" data-id=\"f2dd4fd\" data-element_type=\"container\" data-e-type=\"container\">\n\t\t\t\t<div class=\"elementor-element elementor-element-dbb0f41 elementor-widget elementor-widget-heading\" data-id=\"dbb0f41\" data-element_type=\"widget\" data-e-type=\"widget\" data-widget_type=\"heading.default\">\n\t\t\t\t\t<h1 class=\"elementor-heading-title elementor-size-default\">UMOWA POWIERZENIA DANYCH<\/h1>\t\t\t\t<\/div>\n\t\t\t\t<\/div>\n\t\t\t\t\t<\/div>\n\t\t\t\t<\/div>\n\t\t<div class=\"elementor-element elementor-element-a1715f2 e-flex e-con-boxed e-con e-parent\" data-id=\"a1715f2\" data-element_type=\"container\" data-e-type=\"container\">\n\t\t\t\t\t<div class=\"e-con-inner\">\n\t\t<div class=\"elementor-element elementor-element-ae153e7 e-con-full e-flex e-con e-child\" data-id=\"ae153e7\" data-element_type=\"container\" data-e-type=\"container\">\n\t\t\t\t<div class=\"elementor-element elementor-element-8c24a65 elementor-widget elementor-widget-text-editor\" data-id=\"8c24a65\" data-element_type=\"widget\" data-e-type=\"widget\" data-widget_type=\"text-editor.default\">\n\t\t\t\t\t\t\t\t\t<p><em>Niniejsza Umowa powierzenia przetwarzania danych (\u201eUmowa Przetwarzania\u201d) reguluje przetwarzanie danych osobowych wynikaj\u0105ce z korzystania przez Klienta z Trustlinks zgodnie z Umow\u0105 i stanowi jej integraln\u0105 cz\u0119\u015b\u0107. Dane Klienta, kt\u00f3re Klient wprowadza do Trustlinks, s\u0105 szyfrowane, a my nie mamy dost\u0119pu do tych informacji poza faktem, \u017ce przechowujemy je na naszych serwerach oraz \u017ce w wyj\u0105tkowych przypadkach mo\u017cemy by\u0107 zobowi\u0105zani do udzielenia Klientowi pomocy w zwi\u0105zku ze sprawami wsparcia technicznego. Przechowywanie tych informacji oznacza, \u017ce zgodnie z Rozporz\u0105dzeniem o Ochronie Danych (2016\/679) (\u201eGDPR\u201d) jeste\u015bmy uznawani za podmiot przetwarzaj\u0105cy dane osobowe w imieniu Klienta, kt\u00f3ry wyst\u0119puje w roli administratora danych. Poj\u0119cia u\u017cyte w niniejszej Umowie Przetwarzania nale\u017cy interpretowa\u0107 zgodnie z GDPR oraz obowi\u0105zuj\u0105cymi lokalnymi przepisami wdra\u017caj\u0105cymi i reguluj\u0105cymi ochron\u0119 danych (\u0142\u0105cznie \u201e<strong>Przepisy o Ochronie Danych\u201d<\/strong>). Terminy u\u017cyte w Umowie Przetwarzania maj\u0105 znaczenie nadane im przede wszystkim w Przepisach o Ochronie Danych, a w pozosta\u0142ym zakresie -w Umowie, o ile okoliczno\u015bci jednoznacznie nie wskazuj\u0105 inaczej.<\/em><\/p>\t\t\t\t\t\t\t\t<\/div>\n\t\t\t\t<div class=\"elementor-element elementor-element-0fdd428 elementor-widget elementor-widget-text-editor\" data-id=\"0fdd428\" data-element_type=\"widget\" data-e-type=\"widget\" data-widget_type=\"text-editor.default\">\n\t\t\t\t\t\t\t\t\t<h4><strong>1. Odpowiedzialno\u015b\u0107 i instrukcje<\/strong><\/h4><p>Rodzaj danych oraz kategorie os\u00f3b, kt\u00f3rych dane dotycz\u0105, przetwarzanych na podstawie niniejszej Umowy Przetwarzania przez Podmiot Przetwarzaj\u0105cy w zwi\u0105zku ze \u015bwiadczeniem przez niego us\u0142ugi Trustlinks, a tak\u017ce cel, charakter, czas trwania i przedmiot przetwarzania zosta\u0142y opisane w sekcji 5. Klient zapewnia, \u017ce Podmiot Przetwarzaj\u0105cy nie b\u0119dzie przetwarza\u0142 innych kategorii danych ni\u017c te okre\u015blone w sekcji 5.<\/p><p>Klient jest \u015bwiadomy, \u017ce Trustlinks jest platform\u0105 udost\u0119pnian\u0105 du\u017cej liczbie klient\u00f3w, w zwi\u0105zku z czym Podmiot Przetwarzaj\u0105cy nie zawsze b\u0119dzie w stanie realizowa\u0107 instrukcje, kt\u00f3re nie wynikaj\u0105 bezpo\u015brednio z obowi\u0105zku Klienta przestrzegania Przepis\u00f3w o Ochronie Danych. W przypadku przekazania przez Klienta takich instrukcji, kt\u00f3rych realizacja nie jest mo\u017cliwa, Klient zobowi\u0105zuje si\u0119 do zaprzestania wprowadzania oraz eksportowania wszelkich Danych Klienta, kt\u00f3rych dotycz\u0105 te instrukcje. Powy\u017csze nie b\u0119dzie stanowi\u0142o naruszenia umowy ani ograniczenia dost\u0119pno\u015bci Trustlinks.<\/p><p>Klient jest administratorem wszystkich danych osobowych przetwarzanych przez Podmiot Przetwarzaj\u0105cy w imieniu Klienta na podstawie niniejszej Umowy Przetwarzania. Klient ponosi zatem odpowiedzialno\u015b\u0107 za zgodno\u015b\u0107 z obowi\u0105zuj\u0105cymi Przepisami o Ochronie Danych oraz zobowi\u0105zuje si\u0119 do przestrzegania aktualnych wytycznych dotycz\u0105cych korzystania z Trustlinks.<\/p><p>Zawieraj\u0105c niniejsz\u0105 Umow\u0119, Klient akceptuje \u015brodki bezpiecze\u0144stwa okre\u015blone w aktualnych organizacyjnych i technicznych \u015brodkach Trustlinks jako wystarczaj\u0105ce dla zamierzonego przez Klienta sposobu korzystania z Trustlinks.<\/p><p>\u00a0<\/p><h4>2. Zobowi\u0105zania Podmiotu Przetwarzaj\u0105cego<\/h4><p>Podmiot Przetwarzaj\u0105cy zobowi\u0105zuje si\u0119 do:<\/p><ol><li>a) posiadania odpowiednich technicznych i organizacyjnych \u015brodk\u00f3w bezpiecze\u0144stwa oraz stosowania \u015brodk\u00f3w bezpiecze\u0144stwa okre\u015blonych w aktualnych organizacyjnych i technicznych \u015brodkach Trustlinks (Trustlinks.com\/measures) oraz w art. 32 GDPR, w celu ochrony danych przetwarzanych na podstawie niniejszej Umowy, w tym do na\u0142o\u017cenia odpowiedniego obowi\u0105zku zachowania poufno\u015bci na osoby upowa\u017cnione do przetwarzania tych danych;<\/li><li>b) wspierania Klienta w realizacji wymog\u00f3w bezpiecze\u0144stwa okre\u015blonych w art. 32\u201336 GDPR (takich jak \u015brodki techniczne i organizacyjne, zg\u0142aszanie narusze\u0144 ochrony danych osobowych oraz przekazywanie informacji Klientowi bez zb\u0119dnej zw\u0142oki, ocena skutk\u00f3w dla ochrony danych oraz uprzednie konsultacje), jak r\u00f3wnie\u017c w realizacji obowi\u0105zk\u00f3w Klienta dotycz\u0105cych praw os\u00f3b, kt\u00f3rych dane dotycz\u0105, okre\u015blonych w rozdziale III GDPR (takich jak prawo do informacji, dost\u0119pu, sprostowania, usuni\u0119cia, ograniczenia przetwarzania, przenoszenia danych, sprzeciwu wobec przetwarzania oraz zautomatyzowanego podejmowania decyzji);<\/li><li>c) zapewnienia Klientowi prawa do uzyskania informacji od Podmiotu Przetwarzaj\u0105cego w celu sprawdzenia i weryfikacji \u015brodk\u00f3w stosowanych zgodnie z niniejsz\u0105 Umow\u0105; Podmiot Przetwarzaj\u0105cy umo\u017cliwi i b\u0119dzie wsp\u00f3\u0142pracowa\u0107 przy kontrolach (w tym audytach) prowadzonych przez Klienta lub audytora dzia\u0142aj\u0105cego w imieniu Klienta; Podmiot Przetwarzaj\u0105cy b\u0119dzie ponadto odsy\u0142a\u0142 do Klienta osoby, organy nadzorcze lub inne podmioty trzecie, kt\u00f3re zwr\u00f3c\u0105 si\u0119 do niego z \u017c\u0105daniem informacji dotycz\u0105cych przetwarzania danych osobowych, a tak\u017ce niezw\u0142ocznie poinformuje Klienta o wszelkich kontaktach z organem nadzorczym, kt\u00f3re dotycz\u0105 lub mog\u0105 mie\u0107 znaczenie dla przetwarzania danych osobowych;<\/li><li>d) &#8211; w zale\u017cno\u015bci od wyboru Klienta &#8211; usuni\u0119cia, anonimizacji lub zwrotu wszystkich danych osobowych Klientowi po rozwi\u0105zaniu Umowy, niezale\u017cnie od przyczyny jej rozwi\u0105zania, w tym usuni\u0119cia wszystkich kopii danych, kt\u00f3re zgodnie z Przepisami o Ochronie Danych nie mog\u0105 by\u0107 dalej przechowywane;<\/li><li>e) zapewnienia Klientowi dost\u0119pu do informacji niezb\u0119dnych do realizacji jego obowi\u0105zk\u00f3w jako administratora wobec organu nadzorczego i\/lub os\u00f3b, kt\u00f3rych dane dotycz\u0105;<\/li><li>f) nieprzekazywania danych do pa\u0144stw trzecich ani organizacji mi\u0119dzynarodowych, chyba \u017ce jest to wymagane przez Przepisy o Ochronie Danych, przy czym Podmiot Przetwarzaj\u0105cy niezw\u0142ocznie poinformuje Klienta o takim obowi\u0105zku, o ile przekazanie takiej informacji nie jest prawnie zabronione.<br \/><br \/><\/li><\/ol><p>Podmiot Przetwarzaj\u0105cy zobowi\u0105zuje si\u0119 ponadto do przetwarzania danych zawsze zgodnie z Przepisami o Ochronie Danych. Obejmuje to w szczeg\u00f3lno\u015bci prowadzenie rejestru wszystkich kategorii czynno\u015bci przetwarzania, udost\u0119pnianie na \u017c\u0105danie Klienta wyci\u0105gu z rejestru zako\u0144czonych proces\u00f3w przetwarzania oraz niezw\u0142oczne informowanie Klienta, je\u017celi Podmiot Przetwarzaj\u0105cy podejrzewa ryzyko naruszenia praw lub wolno\u015bci os\u00f3b, kt\u00f3rych dane dotycz\u0105.<\/p><p>\u00a0<\/p><h4>3. Podmioty podprzetwarzaj\u0105ce i przekazywanie danych do pa\u0144stw trzecich<\/h4><p>Pod warunkiem, \u017ce Podmiot Przetwarzaj\u0105cy (i) poinformuje Administratora z odpowiednim wyprzedzeniem o swoich planach, umo\u017cliwiaj\u0105c mu wniesienie sprzeciwu, Podmiot Przetwarzaj\u0105cy posiada og\u00f3lne upowa\u017cnienie do korzystania z podmiot\u00f3w podprzetwarzaj\u0105cych w celu przetwarzania danych w imieniu Klienta, za kt\u00f3rych dzia\u0142ania Podmiot Przetwarzaj\u0105cy ponosi pe\u0142n\u0105 odpowiedzialno\u015b\u0107 wobec Klienta.<\/p><p>Pod warunkiem, \u017ce Podmiot Przetwarzaj\u0105cy (i) poinformuje Administratora co najmniej 30 dni wcze\u015bniej o zamiarze przekazania danych, umo\u017cliwiaj\u0105c mu wniesienie sprzeciwu, oraz (ii) zastosuje odpowiednie, zgodne z Przepisami o Ochronie Danych zatwierdzone mechanizmy zabezpiecze\u0144, Podmiot Przetwarzaj\u0105cy mo\u017ce przekazywa\u0107 dane osobowe poza UE\/EOG.<\/p><p>Zawieraj\u0105c niniejsz\u0105 Umow\u0119, Klient zatwierdza podmioty podprzetwarzaj\u0105ce wskazane w sekcji 5. W chwili zawarcia Umowy Podmiot Przetwarzaj\u0105cy nie przekazuje danych osobowych do pa\u0144stw trzecich.<\/p><p><strong>\u00a0<\/strong><\/p><h4>4. Postanowienia r\u00f3\u017cne<\/h4><p>Postanowienia Umowy maj\u0105 r\u00f3wnie\u017c zastosowanie do niniejszej Umowy Przetwarzania. W przypadku sprzeczno\u015bci pomi\u0119dzy Umow\u0105 a niniejsz\u0105 Umow\u0105 Przetwarzania, pierwsze\u0144stwo ma Umowa Przetwarzania.<\/p><p>\u00a0<\/p><h4>5. Instrukcje<\/h4><p>Niniejsza sekcja 5 stanowi pocz\u0105tkowe instrukcje Klienta dla Podmiotu Przetwarzaj\u0105cego i mo\u017ce \u2014 z zastrze\u017ceniem sekcji 1.2 &#8211; zosta\u0107 uzupe\u0142niona w p\u00f3\u017aniejszym terminie.<\/p><p><strong>\u00a0<\/strong><strong>Kategorie os\u00f3b, kt\u00f3rych dane dotycz\u0105:<\/strong><\/p><p>Osoby korzystaj\u0105ce z platformy zarz\u0105dzania zgodno\u015bci\u0105 Trustlinks lub obj\u0119te jej dzia\u0142aniem, w tym pracownicy, konsultanci, partnerzy oraz osoby uj\u0119te w rejestrach lub korespondencji zarz\u0105dzanej w systemie.<\/p><p><strong>Cel, charakter i przedmiot przetwarzania oraz kategorie danych osobowych:<\/strong><\/p><p>Przetwarzanie odbywa si\u0119 w celu wspierania bezpiecznego zarz\u0105dzania zgodno\u015bci\u0105, w tym dokumentowania polityk, rejestr\u00f3w ryzyka, audyt\u00f3w wewn\u0119trznych oraz mechanizm\u00f3w raportowania. Operacje przetwarzania obejmuj\u0105 zbieranie, porz\u0105dkowanie, przechowywanie, wyszukiwanie, ograniczanie, kontrol\u0119 dost\u0119pu, komunikacj\u0119 oraz usuwanie danych osobowych. Przetwarzane kategorie danych osobowych mog\u0105 obejmowa\u0107 imiona i nazwiska, stanowiska, dane kontaktowe, informacje o zatrudnieniu, zapisy komunikacji, notatki dotycz\u0105ce spraw oraz inn\u0105 dokumentacj\u0119 istotn\u0105 z punktu widzenia zgodno\u015bci. W zale\u017cno\u015bci od konfiguracji Klienta, mog\u0105 by\u0107 r\u00f3wnie\u017c przetwarzane szczeg\u00f3lne kategorie danych (np. dane dotycz\u0105ce zdrowia lub karalno\u015bci), zgodnie z wymogami GDPR.<\/p><p><strong>Przechowywanie danych:<\/strong><\/p><p>Dane s\u0105 przechowywane przez okres okre\u015blony przez Klienta w ustawieniach retencji danych na platformie Trustlinks.<\/p><p><strong>Podmioty podprzetwarzaj\u0105ce:<\/strong><\/p><p>Na dzie\u0144 zawarcia niniejszej Umowy Podmiot Przetwarzaj\u0105cy korzysta z nast\u0119puj\u0105cych podmiot\u00f3w podprzetwarzaj\u0105cych, kt\u00f3re mog\u0105 jednak ulec zmianie zgodnie z sekcj\u0105 3:<\/p><p>SMSAPI (Polska)<\/p><p>Brevo (Francja)<\/p><p>OPSWAT (Niemcy)<\/p><p>Glesys (Szwecja)<\/p><p>T-Systems International (Niemcy)<\/p><p><strong>Przekazywanie danych do pa\u0144stw trzecich:<\/strong><\/p><p>Na dzie\u0144 zawarcia niniejszej Umowy Podmiot Przetwarzaj\u0105cy nie przekazuje danych poza UE\/EOG; zakres ten mo\u017ce jednak ulec zmianie zgodnie z sekcj\u0105 3:<\/p><ol><li>a) Przekazywanie poza UE\/EOG: brak.<\/li><\/ol>\t\t\t\t\t\t\t\t<\/div>\n\t\t\t\t<\/div>\n\t\t\t\t\t<\/div>\n\t\t\t\t<\/div>\n\t\t\t\t<\/div>\n\t\t","protected":false},"excerpt":{"rendered":"<p>Niniejsza Umowa powierzenia przetwarzania danych (\u201eUmowa Przetwarzania\u201d) reguluje przetwarzanie danych osobowych wynikaj\u0105ce z korzystania przez Klienta z Trustlinks zgodnie z Umow\u0105 i stanowi jej integraln\u0105 cz\u0119\u015b\u0107. Dane Klienta, kt\u00f3re Klient wprowadza do Trustlinks, s\u0105 szyfrowane, a my nie mamy dost\u0119pu do tych informacji poza faktem, \u017ce przechowujemy je na naszych serwerach oraz \u017ce w wyj\u0105tkowych [&hellip;]<\/p>\n","protected":false},"author":2,"featured_media":0,"parent":0,"menu_order":0,"comment_status":"closed","ping_status":"closed","template":"","meta":{"footnotes":""},"class_list":["post-3535","page","type-page","status-publish","hentry"],"yoast_head":"<!-- This site is optimized with the Yoast SEO Premium plugin v26.4 (Yoast SEO v27.2) - https:\/\/yoast.com\/product\/yoast-seo-premium-wordpress\/ -->\n<title>UMOWA POWIERZENIA DANYCH - Trustlinks<\/title>\n<meta name=\"robots\" content=\"index, follow, max-snippet:-1, max-image-preview:large, max-video-preview:-1\" \/>\n<link rel=\"canonical\" href=\"https:\/\/www.trustlinks.com\/pl\/umowa-powierzenia-przetwarzania-danych\/\" \/>\n<meta property=\"og:locale\" content=\"pl_PL\" \/>\n<meta property=\"og:type\" content=\"article\" \/>\n<meta property=\"og:title\" content=\"UMOWA POWIERZENIA DANYCH\" \/>\n<meta property=\"og:description\" content=\"Niniejsza Umowa powierzenia przetwarzania danych (\u201eUmowa Przetwarzania\u201d) reguluje przetwarzanie danych osobowych wynikaj\u0105ce z korzystania przez Klienta z Trustlinks zgodnie z Umow\u0105 i stanowi jej integraln\u0105 cz\u0119\u015b\u0107. Dane Klienta, kt\u00f3re Klient wprowadza do Trustlinks, s\u0105 szyfrowane, a my nie mamy dost\u0119pu do tych informacji poza faktem, \u017ce przechowujemy je na naszych serwerach oraz \u017ce w wyj\u0105tkowych [&hellip;]\" \/>\n<meta property=\"og:url\" content=\"https:\/\/www.trustlinks.com\/pl\/umowa-powierzenia-przetwarzania-danych\/\" \/>\n<meta property=\"og:site_name\" content=\"Trustlinks\" \/>\n<meta property=\"article:modified_time\" content=\"2026-03-05T10:48:39+00:00\" \/>\n<meta name=\"twitter:card\" content=\"summary_large_image\" \/>\n<meta name=\"twitter:label1\" content=\"Szacowany czas czytania\" \/>\n\t<meta name=\"twitter:data1\" content=\"7 minut\" \/>\n<script type=\"application\/ld+json\" class=\"yoast-schema-graph\">{\"@context\":\"https:\/\/schema.org\",\"@graph\":[{\"@type\":\"WebPage\",\"@id\":\"https:\/\/www.trustlinks.com\/pl\/umowa-powierzenia-przetwarzania-danych\/\",\"url\":\"https:\/\/www.trustlinks.com\/pl\/umowa-powierzenia-przetwarzania-danych\/\",\"name\":\"UMOWA POWIERZENIA DANYCH - Trustlinks\",\"isPartOf\":{\"@id\":\"https:\/\/www.trustlinks.com\/pl\/#website\"},\"datePublished\":\"2026-03-04T07:52:52+00:00\",\"dateModified\":\"2026-03-05T10:48:39+00:00\",\"breadcrumb\":{\"@id\":\"https:\/\/www.trustlinks.com\/pl\/umowa-powierzenia-przetwarzania-danych\/#breadcrumb\"},\"inLanguage\":\"pl-PL\",\"potentialAction\":[{\"@type\":\"ReadAction\",\"target\":[\"https:\/\/www.trustlinks.com\/pl\/umowa-powierzenia-przetwarzania-danych\/\"]}]},{\"@type\":\"BreadcrumbList\",\"@id\":\"https:\/\/www.trustlinks.com\/pl\/umowa-powierzenia-przetwarzania-danych\/#breadcrumb\",\"itemListElement\":[{\"@type\":\"ListItem\",\"position\":1,\"name\":\"Home\",\"item\":\"https:\/\/www.trustlinks.com\/pl\/strona-glowna\/\"},{\"@type\":\"ListItem\",\"position\":2,\"name\":\"UMOWA POWIERZENIA DANYCH\"}]},{\"@type\":\"WebSite\",\"@id\":\"https:\/\/www.trustlinks.com\/pl\/#website\",\"url\":\"https:\/\/www.trustlinks.com\/pl\/\",\"name\":\"Trustlinks\",\"description\":\"Clarity. Control. Continuous compliance.\",\"publisher\":{\"@id\":\"https:\/\/www.trustlinks.com\/pl\/#organization\"},\"potentialAction\":[{\"@type\":\"SearchAction\",\"target\":{\"@type\":\"EntryPoint\",\"urlTemplate\":\"https:\/\/www.trustlinks.com\/pl\/?s={search_term_string}\"},\"query-input\":{\"@type\":\"PropertyValueSpecification\",\"valueRequired\":true,\"valueName\":\"search_term_string\"}}],\"inLanguage\":\"pl-PL\"},{\"@type\":\"Organization\",\"@id\":\"https:\/\/www.trustlinks.com\/pl\/#organization\",\"name\":\"Trustlinks\",\"url\":\"https:\/\/www.trustlinks.com\/pl\/\",\"logo\":{\"@type\":\"ImageObject\",\"inLanguage\":\"pl-PL\",\"@id\":\"https:\/\/www.trustlinks.com\/pl\/#\/schema\/logo\/image\/\",\"url\":\"https:\/\/www.trustlinks.com\/wp-content\/uploads\/2025\/10\/Trustlinks_logo_dark.png\",\"contentUrl\":\"https:\/\/www.trustlinks.com\/wp-content\/uploads\/2025\/10\/Trustlinks_logo_dark.png\",\"width\":1634,\"height\":190,\"caption\":\"Trustlinks\"},\"image\":{\"@id\":\"https:\/\/www.trustlinks.com\/pl\/#\/schema\/logo\/image\/\"},\"sameAs\":[\"https:\/\/www.linkedin.com\/trustlinks-compliance\/\"]}]}<\/script>\n<!-- \/ Yoast SEO Premium plugin. -->","yoast_head_json":{"title":"UMOWA POWIERZENIA DANYCH - Trustlinks","robots":{"index":"index","follow":"follow","max-snippet":"max-snippet:-1","max-image-preview":"max-image-preview:large","max-video-preview":"max-video-preview:-1"},"canonical":"https:\/\/www.trustlinks.com\/pl\/umowa-powierzenia-przetwarzania-danych\/","og_locale":"pl_PL","og_type":"article","og_title":"UMOWA POWIERZENIA DANYCH","og_description":"Niniejsza Umowa powierzenia przetwarzania danych (\u201eUmowa Przetwarzania\u201d) reguluje przetwarzanie danych osobowych wynikaj\u0105ce z korzystania przez Klienta z Trustlinks zgodnie z Umow\u0105 i stanowi jej integraln\u0105 cz\u0119\u015b\u0107. Dane Klienta, kt\u00f3re Klient wprowadza do Trustlinks, s\u0105 szyfrowane, a my nie mamy dost\u0119pu do tych informacji poza faktem, \u017ce przechowujemy je na naszych serwerach oraz \u017ce w wyj\u0105tkowych [&hellip;]","og_url":"https:\/\/www.trustlinks.com\/pl\/umowa-powierzenia-przetwarzania-danych\/","og_site_name":"Trustlinks","article_modified_time":"2026-03-05T10:48:39+00:00","twitter_card":"summary_large_image","twitter_misc":{"Szacowany czas czytania":"7 minut"},"schema":{"@context":"https:\/\/schema.org","@graph":[{"@type":"WebPage","@id":"https:\/\/www.trustlinks.com\/pl\/umowa-powierzenia-przetwarzania-danych\/","url":"https:\/\/www.trustlinks.com\/pl\/umowa-powierzenia-przetwarzania-danych\/","name":"UMOWA POWIERZENIA DANYCH - Trustlinks","isPartOf":{"@id":"https:\/\/www.trustlinks.com\/pl\/#website"},"datePublished":"2026-03-04T07:52:52+00:00","dateModified":"2026-03-05T10:48:39+00:00","breadcrumb":{"@id":"https:\/\/www.trustlinks.com\/pl\/umowa-powierzenia-przetwarzania-danych\/#breadcrumb"},"inLanguage":"pl-PL","potentialAction":[{"@type":"ReadAction","target":["https:\/\/www.trustlinks.com\/pl\/umowa-powierzenia-przetwarzania-danych\/"]}]},{"@type":"BreadcrumbList","@id":"https:\/\/www.trustlinks.com\/pl\/umowa-powierzenia-przetwarzania-danych\/#breadcrumb","itemListElement":[{"@type":"ListItem","position":1,"name":"Home","item":"https:\/\/www.trustlinks.com\/pl\/strona-glowna\/"},{"@type":"ListItem","position":2,"name":"UMOWA POWIERZENIA DANYCH"}]},{"@type":"WebSite","@id":"https:\/\/www.trustlinks.com\/pl\/#website","url":"https:\/\/www.trustlinks.com\/pl\/","name":"Trustlinks","description":"Clarity. Control. Continuous compliance.","publisher":{"@id":"https:\/\/www.trustlinks.com\/pl\/#organization"},"potentialAction":[{"@type":"SearchAction","target":{"@type":"EntryPoint","urlTemplate":"https:\/\/www.trustlinks.com\/pl\/?s={search_term_string}"},"query-input":{"@type":"PropertyValueSpecification","valueRequired":true,"valueName":"search_term_string"}}],"inLanguage":"pl-PL"},{"@type":"Organization","@id":"https:\/\/www.trustlinks.com\/pl\/#organization","name":"Trustlinks","url":"https:\/\/www.trustlinks.com\/pl\/","logo":{"@type":"ImageObject","inLanguage":"pl-PL","@id":"https:\/\/www.trustlinks.com\/pl\/#\/schema\/logo\/image\/","url":"https:\/\/www.trustlinks.com\/wp-content\/uploads\/2025\/10\/Trustlinks_logo_dark.png","contentUrl":"https:\/\/www.trustlinks.com\/wp-content\/uploads\/2025\/10\/Trustlinks_logo_dark.png","width":1634,"height":190,"caption":"Trustlinks"},"image":{"@id":"https:\/\/www.trustlinks.com\/pl\/#\/schema\/logo\/image\/"},"sameAs":["https:\/\/www.linkedin.com\/trustlinks-compliance\/"]}]}},"_links":{"self":[{"href":"https:\/\/www.trustlinks.com\/pl\/wp-json\/wp\/v2\/pages\/3535","targetHints":{"allow":["GET"]}}],"collection":[{"href":"https:\/\/www.trustlinks.com\/pl\/wp-json\/wp\/v2\/pages"}],"about":[{"href":"https:\/\/www.trustlinks.com\/pl\/wp-json\/wp\/v2\/types\/page"}],"author":[{"embeddable":true,"href":"https:\/\/www.trustlinks.com\/pl\/wp-json\/wp\/v2\/users\/2"}],"replies":[{"embeddable":true,"href":"https:\/\/www.trustlinks.com\/pl\/wp-json\/wp\/v2\/comments?post=3535"}],"version-history":[{"count":4,"href":"https:\/\/www.trustlinks.com\/pl\/wp-json\/wp\/v2\/pages\/3535\/revisions"}],"predecessor-version":[{"id":3539,"href":"https:\/\/www.trustlinks.com\/pl\/wp-json\/wp\/v2\/pages\/3535\/revisions\/3539"}],"wp:attachment":[{"href":"https:\/\/www.trustlinks.com\/pl\/wp-json\/wp\/v2\/media?parent=3535"}],"curies":[{"name":"wp","href":"https:\/\/api.w.org\/{rel}","templated":true}]}}