{"id":3543,"date":"2026-03-04T07:52:52","date_gmt":"2026-03-04T07:52:52","guid":{"rendered":"https:\/\/www.trustlinks.com\/?page_id=3543"},"modified":"2026-03-05T10:55:43","modified_gmt":"2026-03-05T10:55:43","slug":"acord-privind-prelucrarea-datelor","status":"publish","type":"page","link":"https:\/\/www.trustlinks.com\/ro\/acord-privind-prelucrarea-datelor\/","title":{"rendered":"ANEXA 1 ACORD PRIVIND PRELUCRAREA DATELOR"},"content":{"rendered":"\t\t<div data-elementor-type=\"wp-page\" data-elementor-id=\"3543\" class=\"elementor elementor-3543 elementor-3316\" data-elementor-post-type=\"page\">\n\t\t\t\t<div class=\"elementor-element elementor-element-047d441 e-flex e-con-boxed e-con e-parent\" data-id=\"047d441\" data-element_type=\"container\" data-e-type=\"container\">\n\t\t\t\t\t<div class=\"e-con-inner\">\n\t\t<div class=\"elementor-element elementor-element-f2dd4fd e-con-full e-flex e-con e-child\" data-id=\"f2dd4fd\" data-element_type=\"container\" data-e-type=\"container\">\n\t\t\t\t<div class=\"elementor-element elementor-element-dbb0f41 elementor-widget elementor-widget-heading\" data-id=\"dbb0f41\" data-element_type=\"widget\" data-e-type=\"widget\" data-widget_type=\"heading.default\">\n\t\t\t\t\t<h1 class=\"elementor-heading-title elementor-size-default\">ANEXA 1 ACORD PRIVIND PRELUCRAREA DATELOR<\/h1>\t\t\t\t<\/div>\n\t\t\t\t<\/div>\n\t\t\t\t\t<\/div>\n\t\t\t\t<\/div>\n\t\t<div class=\"elementor-element elementor-element-a1715f2 e-flex e-con-boxed e-con e-parent\" data-id=\"a1715f2\" data-element_type=\"container\" data-e-type=\"container\">\n\t\t\t\t\t<div class=\"e-con-inner\">\n\t\t<div class=\"elementor-element elementor-element-ae153e7 e-con-full e-flex e-con e-child\" data-id=\"ae153e7\" data-element_type=\"container\" data-e-type=\"container\">\n\t\t\t\t<div class=\"elementor-element elementor-element-8c24a65 elementor-widget elementor-widget-text-editor\" data-id=\"8c24a65\" data-element_type=\"widget\" data-e-type=\"widget\" data-widget_type=\"text-editor.default\">\n\t\t\t\t\t\t\t\t\t<p>Prezentul Acord privind prelucrarea datelor (\u201eAcordul de prelucrare\u201d) reglementeaz\u0103 prelucrarea datelor cu caracter personal care rezult\u0103 din utilizarea Trustlinks de c\u0103tre Client \u00een conformitate cu Contractul \u0219i, \u00een consecin\u021b\u0103, face parte integrant\u0103 din Contract. Datele Clientului pe care Clientul le introduce \u00een Trustlinks sunt criptate \u0219i Noi nu avem acces la informa\u021bii, cu excep\u021bia faptului c\u0103 stoc\u0103m informa\u021biile pe serverele noastre \u0219i, \u00een cazuri excep\u021bionale, putem fi nevoi\u021bi s\u0103 asist\u0103m Clientul \u00een leg\u0103tur\u0103 cu aspecte de suport. Aceast\u0103 stocare a informa\u021biilor \u00eenseamn\u0103 c\u0103, \u00een conformitate cu Regulamentul privind protec\u021bia datelor (2016\/679) (\u201eGDPR\u201d), suntem considera\u021bi c\u0103 prelucr\u0103m date cu caracter personal \u00een numele Clientului \u0219i, astfel, constituim o persoan\u0103 \u00eemputernicit\u0103 de operator pentru Client \u00een rolul s\u0103u de operator. Termenii din prezentul Acord de prelucrare vor fi interpreta\u021bi \u00een conformitate cu GDPR, precum \u0219i cu adapt\u0103rile \u0219i reglement\u0103rile locale aplicabile privind protec\u021bia datelor (denumite colectiv \u201eNormele privind protec\u021bia datelor\u201d). Termenii din Acordul de prelucrare vor avea \u00een\u021belesul care rezult\u0103 \u00een principal din Normele privind protec\u021bia datelor \u0219i, \u00een caz contrar, din Contract, cu excep\u021bia cazului \u00een care circumstan\u021bele impun \u00een mod clar altfel.<\/p>\t\t\t\t\t\t\t\t<\/div>\n\t\t\t\t<div class=\"elementor-element elementor-element-0fdd428 elementor-widget elementor-widget-text-editor\" data-id=\"0fdd428\" data-element_type=\"widget\" data-e-type=\"widget\" data-widget_type=\"text-editor.default\">\n\t\t\t\t\t\t\t\t\t<h4><strong>1. Responsabilitate \u0219i instruc\u021biuni<\/strong><\/h4><p>Tipul de date \u0219i categoriile de persoane vizate prelucrate \u00een temeiul prezentului Acord de prelucrare de c\u0103tre Persoana \u00eemputernicit\u0103 \u00een leg\u0103tur\u0103 cu furnizarea Trustlinks de c\u0103tre aceasta, precum \u0219i scopul, natura, durata \u0219i obiectul prelucr\u0103rii sunt descrise \u00een sec\u021biunea 5. Clientul se va asigura c\u0103 Persoana \u00eemputernicit\u0103 nu prelucreaz\u0103 categorii suplimentare de date \u00een afara celor specificate \u00een sec\u021biunea 5.<\/p><p>Clientul este con\u0219tient c\u0103 Trustlinks este o platform\u0103 distribuit\u0103 unui num\u0103r mare de clien\u021bi \u0219i c\u0103, prin urmare, nu vom putea neap\u0103rat s\u0103 urm\u0103m instruc\u021biuni care nu sunt o consecin\u021b\u0103 direct\u0103 a necesit\u0103\u021bii Clientului de a respecta Normele privind protec\u021bia datelor. \u00cen cazul \u00een care Clientul ne furnizeaz\u0103 astfel de instruc\u021biuni pe care nu avem posibilitatea s\u0103 le urm\u0103m, Clientul se angajeaz\u0103 s\u0103 \u00eenceteze introducerea \u0219i exportarea tuturor Datelor Clientului afectate de instruc\u021biunile respective. Cele de mai sus nu vor constitui o \u00eenc\u0103lcare a contractului sau a disponibilit\u0103\u021bii Trustlinks.<\/p><p>Clientul este operator pentru toate datele cu caracter personal pe care Persoana \u00eemputernicit\u0103 le prelucreaz\u0103 \u00een numele Clientului \u00een temeiul Acordului de prelucrare. Prin urmare, Clientul este responsabil pentru respectarea Normelor privind protec\u021bia datelor aplicabile \u0219i se angajeaz\u0103 s\u0103 urmeze liniile directoare pentru utilizarea Trustlinks aplicabile la momentul respectiv.<\/p><p>Prin \u00eencheierea prezentului Contract, Clientul este de acord c\u0103 m\u0103surile de securitate prev\u0103zute \u00een m\u0103surile organizatorice \u0219i tehnice actuale ale Trustlinks sunt adecvate pentru utilizarea preconizat\u0103 de Client a Trustlinks.<\/p><p>\u00a0<\/p><h4><strong>2. Angajamentele Persoanei \u00eemputernicite<\/strong><\/h4><p>Persoana \u00eemputernicit\u0103 se angajeaz\u0103 s\u0103:<\/p><ol><li>dispun\u0103 de m\u0103suri tehnice \u0219i organizatorice de securitate adecvate \u0219i s\u0103 adopte m\u0103surile de securitate prev\u0103zute \u00een m\u0103surile organizatorice \u0219i tehnice actuale ale Trustlinks, Trustlinks.com\/measures, \u0219i \u00een articolul 32 din GDPR pentru a proteja datele prelucrate \u00een temeiul prezentului Acord, inclusiv o obliga\u021bie corespunz\u0103toare de confiden\u021bialitate impus\u0103 persoanelor din cadrul Persoanei \u00eemputernicite autorizate s\u0103 prelucreze aceste date;<\/li><li>asiste Clientul \u00een vederea respect\u0103rii cerin\u021belor de securitate prev\u0103zute la articolele 32\u201336 din GDPR (cum ar fi m\u0103suri tehnice \u0219i organizatorice, notificarea \u0219i informarea Clientului f\u0103r\u0103 \u00eent\u00e2rzieri nejustificate \u00een caz de \u00eenc\u0103lcare a securit\u0103\u021bii datelor cu caracter personal, evaluarea impactului \u0219i consultarea prealabil\u0103), precum \u0219i s\u0103 asigure respectarea obliga\u021biilor Clientului privind drepturile persoanelor vizate prev\u0103zute \u00een Capitolul III din GDPR (cum ar fi dreptul la informare, acces, rectificare, \u0219tergere, restric\u021bionarea prelucr\u0103rii, portabilitatea datelor, opozi\u021bia la luarea deciziilor automate);<\/li><li>acorde Clientului dreptul de a primi informa\u021bii de la Persoana \u00eemputernicit\u0103 pentru a verifica \u0219i controla m\u0103surile adoptate de aceasta \u00een conformitate cu prezentul acord. Persoana \u00eemputernicit\u0103 va facilita \u0219i va contribui la investiga\u021biile (inclusiv inspec\u021biile) efectuate de Client sau de un auditor care efectueaz\u0103 astfel de investiga\u021bii \u00een numele Clientului. Persoana \u00eemputernicit\u0103 va redirec\u021biona c\u0103tre Client persoana vizat\u0103 ale c\u0103rei date sunt prelucrate, autoritatea de supraveghere sau orice alt ter\u021b care solicit\u0103 informa\u021bii de la Persoana \u00eemputernicit\u0103 privind prelucrarea datelor cu caracter personal. Persoana \u00eemputernicit\u0103 va informa f\u0103r\u0103 \u00eent\u00e2rziere Clientul cu privire la orice contact din partea autorit\u0103\u021bii de supraveghere care prive\u0219te sau poate fi relevant pentru prelucrarea datelor cu caracter personal;<\/li><li>\u00een func\u021bie de op\u021biunea Clientului, s\u0103 \u0219tearg\u0103, s\u0103 anonimizeze sau s\u0103 returneze toate datele cu caracter personal c\u0103tre Client la \u00eencetarea Contractului, indiferent de motiv, inclusiv s\u0103 \u0219tearg\u0103 toate copiile care, potrivit legisla\u021biei privind protec\u021bia datelor, nu trebuie p\u0103strate;<\/li><li>s\u0103 ofere Clientului acces la informa\u021biile necesare pentru ca acesta s\u0103 \u00ee\u0219i poat\u0103 \u00eendeplini obliga\u021biile \u00een calitate de operator fa\u021b\u0103 de autoritatea de supraveghere \u0219i\/sau persoanele vizate;<\/li><li>s\u0103 nu transfere datele c\u0103tre \u021b\u0103ri ter\u021be sau c\u0103tre o organiza\u021bie interna\u021bional\u0103, cu excep\u021bia cazului \u00een care acest lucru este impus de legisla\u021bia privind protec\u021bia datelor, caz \u00een care Persoana \u00eemputernicit\u0103 va informa imediat Clientul, cu excep\u021bia situa\u021biei \u00een care o astfel de informare este interzis\u0103.<br \/><br \/><\/li><\/ol><p>Persoana \u00eemputernicit\u0103 se angajeaz\u0103, de asemenea, s\u0103 prelucreze datele \u00een conformitate cu Normele privind protec\u021bia datelor \u00een orice moment. Aceasta include, f\u0103r\u0103 a se limita la, p\u0103strarea unui registru al tuturor categoriilor de activit\u0103\u021bi de prelucrare efectuate, furnizarea unui extras din registru la solicitarea Clientului \u0219i informarea imediat\u0103 a Clientului dac\u0103 Persoana \u00eemputernicit\u0103 suspecteaz\u0103 c\u0103 exist\u0103 un risc de \u00eenc\u0103lcare a drepturilor \u0219i libert\u0103\u021bilor persoanelor vizate.<\/p><p>\u00a0<\/p><h4><strong>4. Sub-\u00eemputerniciti \u0219i transferuri c\u0103tre \u021b\u0103ri ter\u021be<\/strong><\/h4><p>Cu condi\u021bia ca Persoana \u00eemputernicit\u0103 (i) s\u0103 informeze Operatorul cu privire la planurile sale \u00eentr-un termen rezonabil \u00een avans, oferind Operatorului dreptul de a formula obiec\u021bii, Persoana \u00eemputernicit\u0103 are o autoriza\u021bie general\u0103 de a angaja sub-\u00eemputerniciti pentru prelucrarea datelor \u00een numele Clientului, pentru care Persoana \u00eemputernicit\u0103 va fi pe deplin responsabil\u0103 fa\u021b\u0103 de Client.<\/p><p>Cu condi\u021bia ca Persoana \u00eemputernicit\u0103 (i) s\u0103 informeze Operatorul cu cel pu\u021bin 30 de zile \u00een avans, oferind Operatorului dreptul de a formula obiec\u021bii, \u0219i (ii) s\u0103 aplice mecanisme de securitate adecvate \u0219i aprobate \u00een conformitate cu Normele privind protec\u021bia datelor, Persoana \u00eemputernicit\u0103 poate transfera Date cu caracter personal \u00een afara UE\/SEE.<\/p><p>Prin \u00eencheierea prezentului Contract, Clientul aprob\u0103 sub-persoanele \u00eemputernicite men\u021bionate \u00een sec\u021biunea 5. La momentul \u00eencheierii prezentului Contract, Persoana \u00eemputernicit\u0103 nu transfer\u0103 date cu caracter personal c\u0103tre nicio \u021bar\u0103 ter\u021b\u0103.<\/p><p>\u00a0<\/p><h4><strong>5. Diverse<\/strong><\/h4><p>Dispozi\u021biile Contractului se aplic\u0103 \u0219i prezentului Acord de prelucrare. \u00cen caz de conflict \u00eentre Contract \u0219i prezentul Acord de prelucrare, va prevala Acordul de prelucrare.<\/p><p>\u00a0<\/p><h4><strong>6. Instruc\u021biuni<\/strong><\/h4><p>Prezenta sec\u021biune 5 constituie instruc\u021biunile ini\u021biale ale Clientului c\u0103tre Persoana \u00eemputernicit\u0103 \u0219i poate, sub rezerva sec\u021biunii 1.2, s\u0103 fie completat\u0103 ulterior.<\/p><p>Categorii de persoane vizate. Persoane care utilizeaz\u0103 sau sunt afectate de platforma de conformitate Trustlinks, cum ar fi angaja\u021bi, consultan\u021bi, parteneri \u0219i persoane incluse \u00een \u00eenregistr\u0103ri sau comunic\u0103ri gestionate \u00een sistem.<\/p><p>Scopul, natura \u0219i obiectul prelucr\u0103rii \u0219i categoriile de date cu caracter personal. Prelucrarea este efectuat\u0103 pentru a sprijini gestionarea sigur\u0103 a conformit\u0103\u021bii, inclusiv documentarea politicilor, registrele de riscuri, audituri interne \u0219i mecanisme de raportare. Opera\u021biunile de prelucrare includ colectarea, structurarea, stocarea, reg\u0103sirea, restric\u021bionarea, controlul accesului, comunicarea \u0219i \u0219tergerea datelor cu caracter personal. Categoriile de date cu caracter personal prelucrate pot include nume, func\u021bii, date de contact, informa\u021bii privind angajarea, eviden\u021be ale comunic\u0103rilor, note legate de cazuri \u0219i alte documenta\u021bii relevante pentru conformitate. \u00cen func\u021bie de configura\u021biile Clientului, pot fi prelucrate \u0219i categorii speciale de date (de exemplu, date privind s\u0103n\u0103tatea, antecedente penale), \u00een conformitate cu cerin\u021bele GDPR.<\/p><p>Stocarea datelor. Datele sunt p\u0103strate pentru durata definit\u0103 de Client \u00een set\u0103rile de reten\u021bie ale platformei Trustlinks.<\/p><p>Sub-\u00eemputerniciti. La momentul \u00eencheierii prezentului Contract, Persoana \u00eemputernicit\u0103 are urm\u0103toarele sub-persoane \u00eemputernicite, care pot fi modificate \u00een conformitate cu Sec\u021biunea 3:<\/p><p>SMSAPI (Polonia)<br \/>Brevo (Fran\u021ba)<br \/>OPSWAT (Germania)<br \/>Glesys (Suedia)<br \/>T-Systems International (Germania)<\/p><p><strong>Transferuri c\u0103tre \u021b\u0103ri ter\u021be<\/strong>. La momentul \u00eencheierii prezentului Contract, Persoana \u00eemputernicit\u0103 nu efectueaz\u0103 transferuri \u00een afara UE\/SEE, care pot fi totu\u0219i modificate \u00een conformitate cu Sec\u021biunea 3:<\/p><ol><li>Transferuri \u00een afara UE\/SEE: niciunul.<\/li><\/ol>\t\t\t\t\t\t\t\t<\/div>\n\t\t\t\t<\/div>\n\t\t\t\t\t<\/div>\n\t\t\t\t<\/div>\n\t\t\t\t<\/div>\n\t\t","protected":false},"excerpt":{"rendered":"<p>Prezentul Acord privind prelucrarea datelor (\u201eAcordul de prelucrare\u201d) reglementeaz\u0103 prelucrarea datelor cu caracter personal care rezult\u0103 din utilizarea Trustlinks de c\u0103tre Client \u00een conformitate cu Contractul \u0219i, \u00een consecin\u021b\u0103, face parte integrant\u0103 din Contract. Datele Clientului pe care Clientul le introduce \u00een Trustlinks sunt criptate \u0219i Noi nu avem acces la informa\u021bii, cu excep\u021bia faptului [&hellip;]<\/p>\n","protected":false},"author":2,"featured_media":0,"parent":0,"menu_order":0,"comment_status":"closed","ping_status":"closed","template":"","meta":{"footnotes":""},"class_list":["post-3543","page","type-page","status-publish","hentry"],"yoast_head":"<!-- This site is optimized with the Yoast SEO Premium plugin v26.4 (Yoast SEO v27.2) - https:\/\/yoast.com\/product\/yoast-seo-premium-wordpress\/ -->\n<title>ANEXA 1 ACORD PRIVIND PRELUCRAREA DATELOR - Trustlinks<\/title>\n<meta name=\"robots\" content=\"index, follow, max-snippet:-1, max-image-preview:large, max-video-preview:-1\" \/>\n<link rel=\"canonical\" href=\"https:\/\/www.trustlinks.com\/ro\/acord-privind-prelucrarea-datelor\/\" \/>\n<meta property=\"og:locale\" content=\"ro_RO\" \/>\n<meta property=\"og:type\" content=\"article\" \/>\n<meta property=\"og:title\" content=\"ANEXA 1 ACORD PRIVIND PRELUCRAREA DATELOR\" \/>\n<meta property=\"og:description\" content=\"Prezentul Acord privind prelucrarea datelor (\u201eAcordul de prelucrare\u201d) reglementeaz\u0103 prelucrarea datelor cu caracter personal care rezult\u0103 din utilizarea Trustlinks de c\u0103tre Client \u00een conformitate cu Contractul \u0219i, \u00een consecin\u021b\u0103, face parte integrant\u0103 din Contract. Datele Clientului pe care Clientul le introduce \u00een Trustlinks sunt criptate \u0219i Noi nu avem acces la informa\u021bii, cu excep\u021bia faptului [&hellip;]\" \/>\n<meta property=\"og:url\" content=\"https:\/\/www.trustlinks.com\/ro\/acord-privind-prelucrarea-datelor\/\" \/>\n<meta property=\"og:site_name\" content=\"Trustlinks\" \/>\n<meta property=\"article:modified_time\" content=\"2026-03-05T10:55:43+00:00\" \/>\n<meta name=\"twitter:card\" content=\"summary_large_image\" \/>\n<meta name=\"twitter:label1\" content=\"Timp estimat pentru citire\" \/>\n\t<meta name=\"twitter:data1\" content=\"6 minute\" \/>\n<script type=\"application\/ld+json\" class=\"yoast-schema-graph\">{\"@context\":\"https:\/\/schema.org\",\"@graph\":[{\"@type\":\"WebPage\",\"@id\":\"https:\/\/www.trustlinks.com\/ro\/acord-privind-prelucrarea-datelor\/\",\"url\":\"https:\/\/www.trustlinks.com\/ro\/acord-privind-prelucrarea-datelor\/\",\"name\":\"ANEXA 1 ACORD PRIVIND PRELUCRAREA DATELOR - Trustlinks\",\"isPartOf\":{\"@id\":\"https:\/\/www.trustlinks.com\/ro\/#website\"},\"datePublished\":\"2026-03-04T07:52:52+00:00\",\"dateModified\":\"2026-03-05T10:55:43+00:00\",\"breadcrumb\":{\"@id\":\"https:\/\/www.trustlinks.com\/ro\/acord-privind-prelucrarea-datelor\/#breadcrumb\"},\"inLanguage\":\"ro-RO\",\"potentialAction\":[{\"@type\":\"ReadAction\",\"target\":[\"https:\/\/www.trustlinks.com\/ro\/acord-privind-prelucrarea-datelor\/\"]}]},{\"@type\":\"BreadcrumbList\",\"@id\":\"https:\/\/www.trustlinks.com\/ro\/acord-privind-prelucrarea-datelor\/#breadcrumb\",\"itemListElement\":[{\"@type\":\"ListItem\",\"position\":1,\"name\":\"Home\",\"item\":\"https:\/\/www.trustlinks.com\/ro\/acasa\/\"},{\"@type\":\"ListItem\",\"position\":2,\"name\":\"ANEXA 1 ACORD PRIVIND PRELUCRAREA DATELOR\"}]},{\"@type\":\"WebSite\",\"@id\":\"https:\/\/www.trustlinks.com\/ro\/#website\",\"url\":\"https:\/\/www.trustlinks.com\/ro\/\",\"name\":\"Trustlinks\",\"description\":\"Clarity. Control. Continuous compliance.\",\"publisher\":{\"@id\":\"https:\/\/www.trustlinks.com\/ro\/#organization\"},\"potentialAction\":[{\"@type\":\"SearchAction\",\"target\":{\"@type\":\"EntryPoint\",\"urlTemplate\":\"https:\/\/www.trustlinks.com\/ro\/?s={search_term_string}\"},\"query-input\":{\"@type\":\"PropertyValueSpecification\",\"valueRequired\":true,\"valueName\":\"search_term_string\"}}],\"inLanguage\":\"ro-RO\"},{\"@type\":\"Organization\",\"@id\":\"https:\/\/www.trustlinks.com\/ro\/#organization\",\"name\":\"Trustlinks\",\"url\":\"https:\/\/www.trustlinks.com\/ro\/\",\"logo\":{\"@type\":\"ImageObject\",\"inLanguage\":\"ro-RO\",\"@id\":\"https:\/\/www.trustlinks.com\/ro\/#\/schema\/logo\/image\/\",\"url\":\"https:\/\/www.trustlinks.com\/wp-content\/uploads\/2025\/10\/Trustlinks_logo_dark.png\",\"contentUrl\":\"https:\/\/www.trustlinks.com\/wp-content\/uploads\/2025\/10\/Trustlinks_logo_dark.png\",\"width\":1634,\"height\":190,\"caption\":\"Trustlinks\"},\"image\":{\"@id\":\"https:\/\/www.trustlinks.com\/ro\/#\/schema\/logo\/image\/\"},\"sameAs\":[\"https:\/\/www.linkedin.com\/trustlinks-compliance\/\"]}]}<\/script>\n<!-- \/ Yoast SEO Premium plugin. -->","yoast_head_json":{"title":"ANEXA 1 ACORD PRIVIND PRELUCRAREA DATELOR - Trustlinks","robots":{"index":"index","follow":"follow","max-snippet":"max-snippet:-1","max-image-preview":"max-image-preview:large","max-video-preview":"max-video-preview:-1"},"canonical":"https:\/\/www.trustlinks.com\/ro\/acord-privind-prelucrarea-datelor\/","og_locale":"ro_RO","og_type":"article","og_title":"ANEXA 1 ACORD PRIVIND PRELUCRAREA DATELOR","og_description":"Prezentul Acord privind prelucrarea datelor (\u201eAcordul de prelucrare\u201d) reglementeaz\u0103 prelucrarea datelor cu caracter personal care rezult\u0103 din utilizarea Trustlinks de c\u0103tre Client \u00een conformitate cu Contractul \u0219i, \u00een consecin\u021b\u0103, face parte integrant\u0103 din Contract. Datele Clientului pe care Clientul le introduce \u00een Trustlinks sunt criptate \u0219i Noi nu avem acces la informa\u021bii, cu excep\u021bia faptului [&hellip;]","og_url":"https:\/\/www.trustlinks.com\/ro\/acord-privind-prelucrarea-datelor\/","og_site_name":"Trustlinks","article_modified_time":"2026-03-05T10:55:43+00:00","twitter_card":"summary_large_image","twitter_misc":{"Timp estimat pentru citire":"6 minute"},"schema":{"@context":"https:\/\/schema.org","@graph":[{"@type":"WebPage","@id":"https:\/\/www.trustlinks.com\/ro\/acord-privind-prelucrarea-datelor\/","url":"https:\/\/www.trustlinks.com\/ro\/acord-privind-prelucrarea-datelor\/","name":"ANEXA 1 ACORD PRIVIND PRELUCRAREA DATELOR - Trustlinks","isPartOf":{"@id":"https:\/\/www.trustlinks.com\/ro\/#website"},"datePublished":"2026-03-04T07:52:52+00:00","dateModified":"2026-03-05T10:55:43+00:00","breadcrumb":{"@id":"https:\/\/www.trustlinks.com\/ro\/acord-privind-prelucrarea-datelor\/#breadcrumb"},"inLanguage":"ro-RO","potentialAction":[{"@type":"ReadAction","target":["https:\/\/www.trustlinks.com\/ro\/acord-privind-prelucrarea-datelor\/"]}]},{"@type":"BreadcrumbList","@id":"https:\/\/www.trustlinks.com\/ro\/acord-privind-prelucrarea-datelor\/#breadcrumb","itemListElement":[{"@type":"ListItem","position":1,"name":"Home","item":"https:\/\/www.trustlinks.com\/ro\/acasa\/"},{"@type":"ListItem","position":2,"name":"ANEXA 1 ACORD PRIVIND PRELUCRAREA DATELOR"}]},{"@type":"WebSite","@id":"https:\/\/www.trustlinks.com\/ro\/#website","url":"https:\/\/www.trustlinks.com\/ro\/","name":"Trustlinks","description":"Clarity. Control. Continuous compliance.","publisher":{"@id":"https:\/\/www.trustlinks.com\/ro\/#organization"},"potentialAction":[{"@type":"SearchAction","target":{"@type":"EntryPoint","urlTemplate":"https:\/\/www.trustlinks.com\/ro\/?s={search_term_string}"},"query-input":{"@type":"PropertyValueSpecification","valueRequired":true,"valueName":"search_term_string"}}],"inLanguage":"ro-RO"},{"@type":"Organization","@id":"https:\/\/www.trustlinks.com\/ro\/#organization","name":"Trustlinks","url":"https:\/\/www.trustlinks.com\/ro\/","logo":{"@type":"ImageObject","inLanguage":"ro-RO","@id":"https:\/\/www.trustlinks.com\/ro\/#\/schema\/logo\/image\/","url":"https:\/\/www.trustlinks.com\/wp-content\/uploads\/2025\/10\/Trustlinks_logo_dark.png","contentUrl":"https:\/\/www.trustlinks.com\/wp-content\/uploads\/2025\/10\/Trustlinks_logo_dark.png","width":1634,"height":190,"caption":"Trustlinks"},"image":{"@id":"https:\/\/www.trustlinks.com\/ro\/#\/schema\/logo\/image\/"},"sameAs":["https:\/\/www.linkedin.com\/trustlinks-compliance\/"]}]}},"_links":{"self":[{"href":"https:\/\/www.trustlinks.com\/ro\/wp-json\/wp\/v2\/pages\/3543","targetHints":{"allow":["GET"]}}],"collection":[{"href":"https:\/\/www.trustlinks.com\/ro\/wp-json\/wp\/v2\/pages"}],"about":[{"href":"https:\/\/www.trustlinks.com\/ro\/wp-json\/wp\/v2\/types\/page"}],"author":[{"embeddable":true,"href":"https:\/\/www.trustlinks.com\/ro\/wp-json\/wp\/v2\/users\/2"}],"replies":[{"embeddable":true,"href":"https:\/\/www.trustlinks.com\/ro\/wp-json\/wp\/v2\/comments?post=3543"}],"version-history":[{"count":5,"href":"https:\/\/www.trustlinks.com\/ro\/wp-json\/wp\/v2\/pages\/3543\/revisions"}],"predecessor-version":[{"id":3548,"href":"https:\/\/www.trustlinks.com\/ro\/wp-json\/wp\/v2\/pages\/3543\/revisions\/3548"}],"wp:attachment":[{"href":"https:\/\/www.trustlinks.com\/ro\/wp-json\/wp\/v2\/media?parent=3543"}],"curies":[{"name":"wp","href":"https:\/\/api.w.org\/{rel}","templated":true}]}}