{"id":3560,"date":"2026-03-04T07:52:52","date_gmt":"2026-03-04T07:52:52","guid":{"rendered":"https:\/\/www.trustlinks.com\/?page_id=3560"},"modified":"2026-03-06T09:36:15","modified_gmt":"2026-03-06T09:36:15","slug":"personuppgiftsbitradesavtal","status":"publish","type":"page","link":"https:\/\/www.trustlinks.com\/sv\/personuppgiftsbitradesavtal\/","title":{"rendered":"BILAGA 1 PERSONUPPGIFTSBITR\u00c4DESAVTAL"},"content":{"rendered":"\t\t<div data-elementor-type=\"wp-page\" data-elementor-id=\"3560\" class=\"elementor elementor-3560 elementor-3316\" data-elementor-post-type=\"page\">\n\t\t\t\t<div class=\"elementor-element elementor-element-047d441 e-flex e-con-boxed e-con e-parent\" data-id=\"047d441\" data-element_type=\"container\" data-e-type=\"container\">\n\t\t\t\t\t<div class=\"e-con-inner\">\n\t\t<div class=\"elementor-element elementor-element-f2dd4fd e-con-full e-flex e-con e-child\" data-id=\"f2dd4fd\" data-element_type=\"container\" data-e-type=\"container\">\n\t\t\t\t<div class=\"elementor-element elementor-element-dbb0f41 elementor-widget elementor-widget-heading\" data-id=\"dbb0f41\" data-element_type=\"widget\" data-e-type=\"widget\" data-widget_type=\"heading.default\">\n\t\t\t\t\t<h1 class=\"elementor-heading-title elementor-size-default\">BILAGA 1 PERSONUPPGIFTSBITR\u00c4DESAVTAL<\/h1>\t\t\t\t<\/div>\n\t\t\t\t<\/div>\n\t\t\t\t\t<\/div>\n\t\t\t\t<\/div>\n\t\t<div class=\"elementor-element elementor-element-a1715f2 e-flex e-con-boxed e-con e-parent\" data-id=\"a1715f2\" data-element_type=\"container\" data-e-type=\"container\">\n\t\t\t\t\t<div class=\"e-con-inner\">\n\t\t<div class=\"elementor-element elementor-element-ae153e7 e-con-full e-flex e-con e-child\" data-id=\"ae153e7\" data-element_type=\"container\" data-e-type=\"container\">\n\t\t\t\t<div class=\"elementor-element elementor-element-8c24a65 elementor-widget elementor-widget-text-editor\" data-id=\"8c24a65\" data-element_type=\"widget\" data-e-type=\"widget\" data-widget_type=\"text-editor.default\">\n\t\t\t\t\t\t\t\t\t<p><em>Detta personuppgiftsbitr\u00e4desavtal reglerar den behandling av personuppgifter som sker p\u00e5 grund av att kunden anv\u00e4nder Trustlinks enligt avtalet och \u00e4r d\u00e4rf\u00f6r en viktig del av avtalet. De kunddata som kunden l\u00e4gger in i Trustlinks krypteras, och vi har ingen tillg\u00e5ng till denna information ut\u00f6ver att vi lagrar den p\u00e5 v\u00e5ra servrar, och att vi i undantagsfall kan beh\u00f6va hj\u00e4lpa kunden i samband med support\u00e4renden. Denna lagring inneb\u00e4r att vi enligt dataskyddsf\u00f6rordningen (2016\/679) (\u201dGDPR\u201d) anses behandla personuppgifter f\u00f6r kundens r\u00e4kning, och vi fungerar d\u00e4rmed som personuppgiftsbitr\u00e4de i f\u00f6rh\u00e5llande till kundens roll som personuppgiftsansvarig. Villkoren i detta behandlingsavtal ska tolkas i enlighet med GDPR samt eventuella lokala anpassningar och f\u00f6rordningar avseende dataskydd (tillsammans kallade \u201d<strong>dataskyddsregler<\/strong>\u201d). Villkoren i behandlingsavtalet ska ha samma inneb\u00f6rd som framg\u00e5r av framf\u00f6r allt dataskyddsreglerna och i \u00f6vrigt av avtalet, f\u00f6rs\u00e5vitt inte annat tydligt framg\u00e5r av omst\u00e4ndigheterna. <\/em><\/p>\t\t\t\t\t\t\t\t<\/div>\n\t\t\t\t<div class=\"elementor-element elementor-element-0fdd428 elementor-widget elementor-widget-text-editor\" data-id=\"0fdd428\" data-element_type=\"widget\" data-e-type=\"widget\" data-widget_type=\"text-editor.default\">\n\t\t\t\t\t\t\t\t\t<h4><strong>1. Ansvar och instruktion<\/strong><\/h4><p>Den typ av data och de datakategorier av registrerade som enligt detta behandlingsavtal behandlas av personuppgiftsbitr\u00e4det i samband med att personuppgiftsbitr\u00e4det tillhandah\u00e5ller Trustlinks och behandlingens syfte, art, varaktighet och \u00e4ndam\u00e5l beskrivs i avsnitt\u00a05. Kunden ska s\u00e4kerst\u00e4lla att personuppgiftsbitr\u00e4det inte behandlar andra datakategorier \u00e4n vad som anges i avsnitt\u00a05.<\/p><p>Kunden \u00e4r medveten om att Trustlinks \u00e4r en plattform som distribueras till ett stort antal kunder och att vi d\u00e4rf\u00f6r inte n\u00f6dv\u00e4ndigtvis har m\u00f6jlighet att f\u00f6lja instruktioner som inte \u00e4r en direkt konsekvens av kundens behov av att f\u00f6lja dataskyddsreglerna. Om kunden ger oss instruktioner som vi inte kan f\u00f6lja \u00e4r det kundens plikt att sluta registrera och exportera alla kunddata som ber\u00f6rs av aktuella instruktioner. Ovanst\u00e5ende ska inte betraktas som avtalsbrott och ber\u00f6r inte tillg\u00e4ngligheten f\u00f6r Trustlinks.<\/p><p>Kunden \u00e4r personuppgiftsansvarig f\u00f6r alla personuppgifter som personuppgiftsbitr\u00e4det behandlar \u00e5 kundens v\u00e4gnar enligt behandlingsavtalet. Kunden ansvarar d\u00e4rf\u00f6r f\u00f6r att f\u00f6lja till\u00e4mpliga dataskyddsregler och \u00e5tar sig att f\u00f6lja g\u00e4llande riktlinjer f\u00f6r anv\u00e4ndning av Trustlinks.<\/p><p>Genom att ing\u00e5 detta avtal vidg\u00e5r kunden att de s\u00e4kerhets\u00e5tg\u00e4rder som specificeras i Trustlinks aktuella tekniska och organisatoriska \u00e5tg\u00e4rder \u00e4r tillr\u00e4ckliga f\u00f6r kundens avsedda anv\u00e4ndning av Trustlinks.<\/p><h4><strong>2. Personuppgiftsbitr\u00e4dets \u00e5tagande<\/strong><\/h4><p>Personuppgiftsbitr\u00e4det \u00e5tar sig att:<\/p><ol><li>vidta de tekniska och organisatoriska s\u00e4kerhets\u00e5tg\u00e4rder som \u00e4r n\u00f6dv\u00e4ndiga samt i artikel\u00a032 i GDPR f\u00f6r att skydda de data som behandlas enligt detta avtal, inklusive att \u00e5l\u00e4gga de personer hos databehandlingsbitr\u00e4det som \u00e4r beh\u00f6riga att behandla dessa data l\u00e4mplig tystnadsplikt;<\/li><li>bist\u00e5 kunden med att f\u00f6lja s\u00e4kerhetskraven i artikel 32\u201336 i GDPR (till exempel tekniska och organisatoriska \u00e5tg\u00e4rder, anm\u00e4lan och information till kunden utan on\u00f6digt dr\u00f6jsm\u00e5l i h\u00e4ndelse av en personuppgiftsincident, konsekvensbed\u00f6mning samt f\u00f6rhandssamr\u00e5d) och kundens f\u00f6rpliktelser avseende individens r\u00e4ttigheter i kapitel\u00a0III i GDPR uppfylls (t.ex. r\u00e4tt till information, \u00e5tkomst, r\u00e4ttelse, radering, behandlingsbegr\u00e4nsning, dataportabilitet, inv\u00e4ndning mot automatiserat beslutsfattande);<\/li><li>vilket ger kunden r\u00e4tt att erh\u00e5lla information fr\u00e5n personuppgiftsbitr\u00e4det i syfte att kontrollera och verifiera \u00e5tg\u00e4rder som vidtagits av personuppgiftsbitr\u00e4det enligt detta avtal. Personuppgiftsbitr\u00e4det ska bist\u00e5 och bidra till unders\u00f6kningar (inklusive inspektioner) som utf\u00f6rs av kunden eller en revisor som utf\u00f6r s\u00e5dana unders\u00f6kningar f\u00f6r kundens r\u00e4kning. Personuppgiftsbitr\u00e4det ska h\u00e4nvisa till kunden vars personuppgifter behandlas i de fall d\u00e5 en tillsynsmyndighet eller annan tredje part efterfr\u00e5gar information fr\u00e5n personuppgiftsbitr\u00e4det avseende behandlingen av personuppgifter. Personuppgiftsbitr\u00e4det ska utan dr\u00f6jsm\u00e5l informera kunden om eventuella kontakter med tillsynsmyndigheter som kan ber\u00f6ra eller vara av vikt f\u00f6r behandlingen av personuppgifter,<\/li><li>beroende p\u00e5 vad kunden v\u00e4ljer; radera, anonymisera eller \u00e5terl\u00e4mna alla personuppgifter till kunden n\u00e4r avtalet upph\u00f6r, oavsett sk\u00e4l, inklusive att radera alla kopior som enligt dataskyddsf\u00f6rordningen inte f\u00e5r sparas,<\/li><li>i \u00f6vrigt ge kunden \u00e5tkomst till den information som kunden beh\u00f6ver f\u00f6r att kunna fullg\u00f6ra sina f\u00f6rpliktelser som personuppgiftsansvarig gentemot tillsynsmyndigheten och\/eller enskilda personer,<\/li><li>inte \u00f6verf\u00f6ra data till tredje land eller en internationell organisation f\u00f6rs\u00e5vitt inte detta kr\u00e4vs enligt dataskyddsf\u00f6rordningen, och i detta fall ska dataskyddsbitr\u00e4det omg\u00e5ende informera kunden utom i de fall d\u00e5 s\u00e5dan information \u00e4r f\u00f6rbjuden.<br \/><br \/><\/li><\/ol><p>Personuppgiftsbitr\u00e4det f\u00f6rbinder sig ocks\u00e5 att alltid behandla data i enlighet med dataskyddsreglerna. Detta inkluderar bland annat att f\u00f6ra ett register \u00f6ver alla kategorier av behandling som utf\u00f6rs, tillhandah\u00e5lla ett registerutdrag \u00f6ver fullgjord behandling p\u00e5 kundens beg\u00e4ran och omedelbart informera kunden om personuppgiftsbitr\u00e4det misst\u00e4nker att det finns risk f\u00f6r att den registrerades friheter och r\u00e4ttigheter kr\u00e4nks.<\/p><h4><strong>3. Underst\u00e4llda personuppgiftsbitr\u00e4den och \u00f6verf\u00f6ring till tredje land<\/strong><\/h4><p>F\u00f6rutsatt att personuppgiftsbitr\u00e4det har informerat personuppgiftsansvarig minst 30 dagar i f\u00f6rv\u00e4g. med r\u00e4tt f\u00f6r personuppgiftsansvarig att inv\u00e4nda, har personuppgiftsbitr\u00e4det en \u00f6vergripande r\u00e4ttighet att anlita andra personuppgiftsbitr\u00e4den f\u00f6r behandling av data \u00e5 kundens r\u00e4kning, personuppgiftsbitr\u00e4det b\u00e4r fullt ansvar f\u00f6r detta gentemot kunden.<\/p><p>F\u00f6rutsatt att personuppgiftsbitr\u00e4det vidtar l\u00e4mpliga s\u00e4kerhets\u00e5tg\u00e4rder som \u00e4r godk\u00e4nda enligt dataskyddsreglerna har personuppgiftsbitr\u00e4det r\u00e4tt att \u00f6verf\u00f6ra data utanf\u00f6r EU\/EES. Under f\u00f6ruts\u00e4ttning att Databehandlaren (i) informerar den personuppgiftsansvarige om sina planer minst 30 dagar i f\u00f6rv\u00e4g, med r\u00e4tt f\u00f6r den personuppgiftsansvarige att inv\u00e4nda, och (ii) till\u00e4mpar adekvata och i enlighet med dataskyddsreglerna godk\u00e4nda s\u00e4kerhetsmekanismer, kan databehandlaren \u00f6verf\u00f6ra personuppgifter utanf\u00f6r EU\/EES.<\/p><p>Genom att ing\u00e5 detta avtal godk\u00e4nner kunden underordnade personuppgiftsbitr\u00e4den och \u00f6verf\u00f6ringar utanf\u00f6r EU\/EES enligt vad som anges i avsnitt\u00a05. Vid tidpunkten f\u00f6r ing\u00e5ende av detta avtal \u00f6verf\u00f6r Databehandlaren inte personuppgifter till n\u00e5got tredje land.\u00a0\u00a0\u00a0<\/p><h5><strong>4. \u00d6vrigt<\/strong><\/h5><p>Best\u00e4mmelserna i avtalet ska \u00e4ven g\u00e4lla f\u00f6r detta behandlingsavtal. Vid en konflikt mellan avtalet och detta behandlingsavtal \u00e4r det behandlingsavtalet som g\u00e4ller.<\/p><h4><strong>5. Instruktioner<\/strong><\/h4><p>Detta avsnitt\u00a05 utg\u00f6r kundens inledande instruktioner till personuppgiftsbitr\u00e4det och kan, enligt avsnitt\u00a01.2, komma att kompletteras vid ett senare tillf\u00e4lle.<\/p><p><strong>Kategorier av registrerade<\/strong>. Personer som anv\u00e4nder eller p\u00e5verkas av Trustlinks compliance-plattform, s\u00e5som anst\u00e4llda, konsulter, partners och personer som ing\u00e5r i register eller kommunikation som hanteras i systemet.<\/p><p><strong>Syfte, art och \u00e4ndam\u00e5l med behandlingen och kategorier av personuppgifter<\/strong>. Behandlingen utf\u00f6rs f\u00f6r att st\u00f6dja s\u00e4ker efterlevnadshantering, inklusive dokumentation av policyer, riskregister, interna revisioner och rapporteringsmekanismer. Behandlingen omfattar insamling, strukturering, lagring, \u00e5tervinning, begr\u00e4nsning, \u00e5tkomstkontroll, kommunikation och radering av personuppgifter. De kategorier av personuppgifter som behandlas kan omfatta namn, befattningar, kontaktuppgifter, anst\u00e4llningsinformation, kommunikationsregister, \u00e4renderelaterade anteckningar och annan dokumentation som \u00e4r relevant f\u00f6r efterlevnaden. Beroende p\u00e5 kundens konfigurationer kan \u00e4ven s\u00e4rskilda kategorier av uppgifter (t.ex. h\u00e4lsa, brottsregister) behandlas i enlighet med GDPR-kraven.<\/p><p><strong>Lagring av data. <\/strong>Data lagras under den tid som kunden har angett i Trustlinks inst\u00e4llningar f\u00f6r lagring.<\/p><p><strong>Underst\u00e4llda<\/strong>. D\u00e5 detta avtal ing\u00e5s har personuppgiftsbitr\u00e4det anlitat f\u00f6ljande underst\u00e4llda personuppgiftsbitr\u00e4den, n\u00e5got som dock kan komma att f\u00f6r\u00e4ndras i enlighet med avsnitt\u00a03:<\/p><ul><li><strong>Underbitr\u00e4den<\/strong>: SMSAPI (Polen), Brevo (Frankrike), OPSWAT (Tyskland), Glesys (Sverige), T-Systems International (Tyskland)<\/li><\/ul><p>\u00a0<\/p><p><strong>Tredjelands\u00f6verf\u00f6ring.<\/strong> Enligt detta avtal sker inga \u00f6verf\u00f6ringar till tredje land. Detta kan f\u00f6r\u00e4ndras, d\u00e5 i enlighet med paragraf 3.<\/p><ol><li>\u00d6verf\u00f6ringar utanf\u00f6r EU\/EES: inga.<\/li><\/ol>\t\t\t\t\t\t\t\t<\/div>\n\t\t\t\t<\/div>\n\t\t\t\t\t<\/div>\n\t\t\t\t<\/div>\n\t\t\t\t<\/div>\n\t\t","protected":false},"excerpt":{"rendered":"<p>Detta personuppgiftsbitr\u00e4desavtal reglerar den behandling av personuppgifter som sker p\u00e5 grund av att kunden anv\u00e4nder Trustlinks enligt avtalet och \u00e4r d\u00e4rf\u00f6r en viktig del av avtalet. De kunddata som kunden l\u00e4gger in i Trustlinks krypteras, och vi har ingen tillg\u00e5ng till denna information ut\u00f6ver att vi lagrar den p\u00e5 v\u00e5ra servrar, och att vi i [&hellip;]<\/p>\n","protected":false},"author":2,"featured_media":0,"parent":0,"menu_order":0,"comment_status":"closed","ping_status":"closed","template":"","meta":{"footnotes":""},"class_list":["post-3560","page","type-page","status-publish","hentry"],"yoast_head":"<!-- This site is optimized with the Yoast SEO Premium plugin v26.4 (Yoast SEO v27.2) - https:\/\/yoast.com\/product\/yoast-seo-premium-wordpress\/ -->\n<title>BILAGA 1 PERSONUPPGIFTSBITR\u00c4DESAVTAL - Trustlinks<\/title>\n<meta name=\"robots\" content=\"index, follow, max-snippet:-1, max-image-preview:large, max-video-preview:-1\" \/>\n<link rel=\"canonical\" href=\"https:\/\/www.trustlinks.com\/sv\/personuppgiftsbitradesavtal\/\" \/>\n<meta property=\"og:locale\" content=\"sv_SE\" \/>\n<meta property=\"og:type\" content=\"article\" \/>\n<meta property=\"og:title\" content=\"BILAGA 1 PERSONUPPGIFTSBITR\u00c4DESAVTAL\" \/>\n<meta property=\"og:description\" content=\"Detta personuppgiftsbitr\u00e4desavtal reglerar den behandling av personuppgifter som sker p\u00e5 grund av att kunden anv\u00e4nder Trustlinks enligt avtalet och \u00e4r d\u00e4rf\u00f6r en viktig del av avtalet. De kunddata som kunden l\u00e4gger in i Trustlinks krypteras, och vi har ingen tillg\u00e5ng till denna information ut\u00f6ver att vi lagrar den p\u00e5 v\u00e5ra servrar, och att vi i [&hellip;]\" \/>\n<meta property=\"og:url\" content=\"https:\/\/www.trustlinks.com\/sv\/personuppgiftsbitradesavtal\/\" \/>\n<meta property=\"og:site_name\" content=\"Trustlinks\" \/>\n<meta property=\"article:modified_time\" content=\"2026-03-06T09:36:15+00:00\" \/>\n<meta name=\"twitter:card\" content=\"summary_large_image\" \/>\n<meta name=\"twitter:label1\" content=\"Ber\u00e4knad l\u00e4stid\" \/>\n\t<meta name=\"twitter:data1\" content=\"5 minuter\" \/>\n<script type=\"application\/ld+json\" class=\"yoast-schema-graph\">{\"@context\":\"https:\/\/schema.org\",\"@graph\":[{\"@type\":\"WebPage\",\"@id\":\"https:\/\/www.trustlinks.com\/sv\/personuppgiftsbitradesavtal\/\",\"url\":\"https:\/\/www.trustlinks.com\/sv\/personuppgiftsbitradesavtal\/\",\"name\":\"BILAGA 1 PERSONUPPGIFTSBITR\u00c4DESAVTAL - Trustlinks\",\"isPartOf\":{\"@id\":\"https:\/\/www.trustlinks.com\/sv\/#website\"},\"datePublished\":\"2026-03-04T07:52:52+00:00\",\"dateModified\":\"2026-03-06T09:36:15+00:00\",\"breadcrumb\":{\"@id\":\"https:\/\/www.trustlinks.com\/sv\/personuppgiftsbitradesavtal\/#breadcrumb\"},\"inLanguage\":\"sv-SE\",\"potentialAction\":[{\"@type\":\"ReadAction\",\"target\":[\"https:\/\/www.trustlinks.com\/sv\/personuppgiftsbitradesavtal\/\"]}]},{\"@type\":\"BreadcrumbList\",\"@id\":\"https:\/\/www.trustlinks.com\/sv\/personuppgiftsbitradesavtal\/#breadcrumb\",\"itemListElement\":[{\"@type\":\"ListItem\",\"position\":1,\"name\":\"Home\",\"item\":\"https:\/\/www.trustlinks.com\/sv\/\"},{\"@type\":\"ListItem\",\"position\":2,\"name\":\"BILAGA 1 PERSONUPPGIFTSBITR\u00c4DESAVTAL\"}]},{\"@type\":\"WebSite\",\"@id\":\"https:\/\/www.trustlinks.com\/sv\/#website\",\"url\":\"https:\/\/www.trustlinks.com\/sv\/\",\"name\":\"Trustlinks\",\"description\":\"Clarity. Control. Continuous compliance.\",\"publisher\":{\"@id\":\"https:\/\/www.trustlinks.com\/sv\/#organization\"},\"potentialAction\":[{\"@type\":\"SearchAction\",\"target\":{\"@type\":\"EntryPoint\",\"urlTemplate\":\"https:\/\/www.trustlinks.com\/sv\/?s={search_term_string}\"},\"query-input\":{\"@type\":\"PropertyValueSpecification\",\"valueRequired\":true,\"valueName\":\"search_term_string\"}}],\"inLanguage\":\"sv-SE\"},{\"@type\":\"Organization\",\"@id\":\"https:\/\/www.trustlinks.com\/sv\/#organization\",\"name\":\"Trustlinks\",\"url\":\"https:\/\/www.trustlinks.com\/sv\/\",\"logo\":{\"@type\":\"ImageObject\",\"inLanguage\":\"sv-SE\",\"@id\":\"https:\/\/www.trustlinks.com\/sv\/#\/schema\/logo\/image\/\",\"url\":\"https:\/\/www.trustlinks.com\/wp-content\/uploads\/2025\/10\/Trustlinks_logo_dark.png\",\"contentUrl\":\"https:\/\/www.trustlinks.com\/wp-content\/uploads\/2025\/10\/Trustlinks_logo_dark.png\",\"width\":1634,\"height\":190,\"caption\":\"Trustlinks\"},\"image\":{\"@id\":\"https:\/\/www.trustlinks.com\/sv\/#\/schema\/logo\/image\/\"},\"sameAs\":[\"https:\/\/www.linkedin.com\/trustlinks-compliance\/\"]}]}<\/script>\n<!-- \/ Yoast SEO Premium plugin. -->","yoast_head_json":{"title":"BILAGA 1 PERSONUPPGIFTSBITR\u00c4DESAVTAL - Trustlinks","robots":{"index":"index","follow":"follow","max-snippet":"max-snippet:-1","max-image-preview":"max-image-preview:large","max-video-preview":"max-video-preview:-1"},"canonical":"https:\/\/www.trustlinks.com\/sv\/personuppgiftsbitradesavtal\/","og_locale":"sv_SE","og_type":"article","og_title":"BILAGA 1 PERSONUPPGIFTSBITR\u00c4DESAVTAL","og_description":"Detta personuppgiftsbitr\u00e4desavtal reglerar den behandling av personuppgifter som sker p\u00e5 grund av att kunden anv\u00e4nder Trustlinks enligt avtalet och \u00e4r d\u00e4rf\u00f6r en viktig del av avtalet. De kunddata som kunden l\u00e4gger in i Trustlinks krypteras, och vi har ingen tillg\u00e5ng till denna information ut\u00f6ver att vi lagrar den p\u00e5 v\u00e5ra servrar, och att vi i [&hellip;]","og_url":"https:\/\/www.trustlinks.com\/sv\/personuppgiftsbitradesavtal\/","og_site_name":"Trustlinks","article_modified_time":"2026-03-06T09:36:15+00:00","twitter_card":"summary_large_image","twitter_misc":{"Ber\u00e4knad l\u00e4stid":"5 minuter"},"schema":{"@context":"https:\/\/schema.org","@graph":[{"@type":"WebPage","@id":"https:\/\/www.trustlinks.com\/sv\/personuppgiftsbitradesavtal\/","url":"https:\/\/www.trustlinks.com\/sv\/personuppgiftsbitradesavtal\/","name":"BILAGA 1 PERSONUPPGIFTSBITR\u00c4DESAVTAL - Trustlinks","isPartOf":{"@id":"https:\/\/www.trustlinks.com\/sv\/#website"},"datePublished":"2026-03-04T07:52:52+00:00","dateModified":"2026-03-06T09:36:15+00:00","breadcrumb":{"@id":"https:\/\/www.trustlinks.com\/sv\/personuppgiftsbitradesavtal\/#breadcrumb"},"inLanguage":"sv-SE","potentialAction":[{"@type":"ReadAction","target":["https:\/\/www.trustlinks.com\/sv\/personuppgiftsbitradesavtal\/"]}]},{"@type":"BreadcrumbList","@id":"https:\/\/www.trustlinks.com\/sv\/personuppgiftsbitradesavtal\/#breadcrumb","itemListElement":[{"@type":"ListItem","position":1,"name":"Home","item":"https:\/\/www.trustlinks.com\/sv\/"},{"@type":"ListItem","position":2,"name":"BILAGA 1 PERSONUPPGIFTSBITR\u00c4DESAVTAL"}]},{"@type":"WebSite","@id":"https:\/\/www.trustlinks.com\/sv\/#website","url":"https:\/\/www.trustlinks.com\/sv\/","name":"Trustlinks","description":"Clarity. Control. Continuous compliance.","publisher":{"@id":"https:\/\/www.trustlinks.com\/sv\/#organization"},"potentialAction":[{"@type":"SearchAction","target":{"@type":"EntryPoint","urlTemplate":"https:\/\/www.trustlinks.com\/sv\/?s={search_term_string}"},"query-input":{"@type":"PropertyValueSpecification","valueRequired":true,"valueName":"search_term_string"}}],"inLanguage":"sv-SE"},{"@type":"Organization","@id":"https:\/\/www.trustlinks.com\/sv\/#organization","name":"Trustlinks","url":"https:\/\/www.trustlinks.com\/sv\/","logo":{"@type":"ImageObject","inLanguage":"sv-SE","@id":"https:\/\/www.trustlinks.com\/sv\/#\/schema\/logo\/image\/","url":"https:\/\/www.trustlinks.com\/wp-content\/uploads\/2025\/10\/Trustlinks_logo_dark.png","contentUrl":"https:\/\/www.trustlinks.com\/wp-content\/uploads\/2025\/10\/Trustlinks_logo_dark.png","width":1634,"height":190,"caption":"Trustlinks"},"image":{"@id":"https:\/\/www.trustlinks.com\/sv\/#\/schema\/logo\/image\/"},"sameAs":["https:\/\/www.linkedin.com\/trustlinks-compliance\/"]}]}},"_links":{"self":[{"href":"https:\/\/www.trustlinks.com\/sv\/wp-json\/wp\/v2\/pages\/3560","targetHints":{"allow":["GET"]}}],"collection":[{"href":"https:\/\/www.trustlinks.com\/sv\/wp-json\/wp\/v2\/pages"}],"about":[{"href":"https:\/\/www.trustlinks.com\/sv\/wp-json\/wp\/v2\/types\/page"}],"author":[{"embeddable":true,"href":"https:\/\/www.trustlinks.com\/sv\/wp-json\/wp\/v2\/users\/2"}],"replies":[{"embeddable":true,"href":"https:\/\/www.trustlinks.com\/sv\/wp-json\/wp\/v2\/comments?post=3560"}],"version-history":[{"count":8,"href":"https:\/\/www.trustlinks.com\/sv\/wp-json\/wp\/v2\/pages\/3560\/revisions"}],"predecessor-version":[{"id":3845,"href":"https:\/\/www.trustlinks.com\/sv\/wp-json\/wp\/v2\/pages\/3560\/revisions\/3845"}],"wp:attachment":[{"href":"https:\/\/www.trustlinks.com\/sv\/wp-json\/wp\/v2\/media?parent=3560"}],"curies":[{"name":"wp","href":"https:\/\/api.w.org\/{rel}","templated":true}]}}